{"id":34170,"date":"2024-11-28T09:46:09","date_gmt":"2024-11-28T14:46:09","guid":{"rendered":"https:\/\/www.galerie-scrapbooking.com\/?post_type=product&#038;p=34170"},"modified":"2026-01-02T12:24:27","modified_gmt":"2026-01-02T17:24:27","slug":"recharge-encre-versafine-clair-rose-bebe","status":"publish","type":"product","link":"https:\/\/www.galerie-scrapbooking.com\/en\/produit\/recharge-encre-versafine-clair-rose-bebe\/","title":{"rendered":"Recharge Encre Versafine Clair Rose B\u00e9b\u00e9"},"content":{"rendered":"<h1>Recharge encre Versafine clair Rose B\u00e9b\u00e9<\/h1>\n<p><strong>Recharges pour encre Versafine Clair. <\/strong>Cette encre qui fait ressortir les moindres d\u00e9tails.<\/p>\n<p>Parfait pour l&#8217;utilisation de l&#8217;aquarelle pour la couleur des images \u00e9tamp\u00e9es.<\/p>\n<p>La plus longue dur\u00e9e de tampon encreur disponible.<\/p>\n","protected":false},"excerpt":{"rendered":"<p>VersaFine Clair Reinker &#8211; Baby Pink<\/p>\n","protected":false},"featured_media":34158,"template":"","meta":{"_acf_changed":false},"product_brand":[],"product_cat":[252,397],"product_tag":[],"class_list":{"0":"post-34170","1":"product","2":"type-product","3":"status-publish","4":"has-post-thumbnail","6":"product_cat-herazz-nouveautes","7":"product_cat-recharge-encre-versafine-clair","8":"pa_brand_nc-tsukineko","10":"first","11":"instock","12":"taxable","13":"shipping-taxable","14":"purchasable","15":"product-type-simple"},"acf":[],"aioseo_notices":[],"_links":{"self":[{"href":"https:\/\/www.galerie-scrapbooking.com\/en\/wp-json\/wp\/v2\/product\/34170","targetHints":{"allow":["GET"]}}],"collection":[{"href":"https:\/\/www.galerie-scrapbooking.com\/en\/wp-json\/wp\/v2\/product"}],"about":[{"href":"https:\/\/www.galerie-scrapbooking.com\/en\/wp-json\/wp\/v2\/types\/product"}],"wp:featuredmedia":[{"embeddable":true,"href":"https:\/\/www.galerie-scrapbooking.com\/en\/wp-json\/wp\/v2\/media\/34158"}],"wp:attachment":[{"href":"https:\/\/www.galerie-scrapbooking.com\/en\/wp-json\/wp\/v2\/media?parent=34170"}],"wp:term":[{"taxonomy":"product_brand","embeddable":true,"href":"https:\/\/www.galerie-scrapbooking.com\/en\/wp-json\/wp\/v2\/product_brand?post=34170"},{"taxonomy":"product_cat","embeddable":true,"href":"https:\/\/www.galerie-scrapbooking.com\/en\/wp-json\/wp\/v2\/product_cat?post=34170"},{"taxonomy":"product_tag","embeddable":true,"href":"https:\/\/www.galerie-scrapbooking.com\/en\/wp-json\/wp\/v2\/product_tag?post=34170"}],"curies":[{"name":"wp","href":"https:\/\/api.w.org\/{rel}","templated":true}]}}