{"id":34110,"date":"2024-11-21T10:10:37","date_gmt":"2024-11-21T15:10:37","guid":{"rendered":"https:\/\/www.galerie-scrapbooking.com\/?post_type=product&#038;p=34110"},"modified":"2025-01-09T08:47:06","modified_gmt":"2025-01-09T13:47:06","slug":"spellbinders-betterpress-plaque-et-matrice-de-coupe-joyeux-noel","status":"publish","type":"product","link":"https:\/\/www.galerie-scrapbooking.com\/en\/produit\/spellbinders-betterpress-plaque-et-matrice-de-coupe-joyeux-noel\/","title":{"rendered":"Spellbinders BetterPress Plaque et Matrice de coupe Joyeux No\u00ebl"},"content":{"rendered":"<h1 tabindex=\"0\" role=\"text\">BetterPress Plaque et Matrice Joyeux No\u00ebl<\/h1>\n<p>L&#8217;ensemble de plaque de presse et matrices de presse Joyeux Noel fait partie de la collection de No\u00ebl BetterPress de Spellbinders et comprend un merveilleux oiseau avec son chapeau haut de forme perch\u00e9 sur une branche de baies de houx et un sentiment Joyeux Noel \u00e9crit \u00e0 la main.<\/p>\n<p>Le sentiment peut \u00eatre d\u00e9coup\u00e9 avec sa matrice de coordination pour superposer ou appara\u00eetre pour susciter l&#8217;int\u00e9r\u00eat.<\/p>\n<p>Encrez la plaque avec l&#8217;encre BetterPress \u00e0 presser contre le panneau et les feuilles de cartes en coton BetterPress pour cr\u00e9er un design typographique net.<\/p>\n<p><strong>NOTE: Les Plaques BetterPress peuvent \u00eatre utilis\u00e9es avec le Glimmer Hot System de Spellbinders et le papier foil.<\/strong><\/p>\n","protected":false},"excerpt":{"rendered":"<p>BetterPress Joyeux Noel Press Plate &amp; Die Set<\/p>\n","protected":false},"featured_media":34111,"template":"","meta":{"_acf_changed":false},"product_brand":[],"product_cat":[252,198,86,2164],"product_tag":[],"class_list":{"0":"post-34110","1":"product","2":"type-product","3":"status-publish","4":"has-post-thumbnail","6":"product_cat-herazz-nouveautes","7":"product_cat-grand-calibur-spellbinders","8":"product_cat-spellbinders","9":"product_cat-spellbinders-betterpress","10":"pa_brand_nc-spellbinders","12":"first","13":"instock","14":"taxable","15":"shipping-taxable","16":"purchasable","17":"product-type-simple"},"acf":[],"aioseo_notices":[],"_links":{"self":[{"href":"https:\/\/www.galerie-scrapbooking.com\/en\/wp-json\/wp\/v2\/product\/34110","targetHints":{"allow":["GET"]}}],"collection":[{"href":"https:\/\/www.galerie-scrapbooking.com\/en\/wp-json\/wp\/v2\/product"}],"about":[{"href":"https:\/\/www.galerie-scrapbooking.com\/en\/wp-json\/wp\/v2\/types\/product"}],"wp:featuredmedia":[{"embeddable":true,"href":"https:\/\/www.galerie-scrapbooking.com\/en\/wp-json\/wp\/v2\/media\/34111"}],"wp:attachment":[{"href":"https:\/\/www.galerie-scrapbooking.com\/en\/wp-json\/wp\/v2\/media?parent=34110"}],"wp:term":[{"taxonomy":"product_brand","embeddable":true,"href":"https:\/\/www.galerie-scrapbooking.com\/en\/wp-json\/wp\/v2\/product_brand?post=34110"},{"taxonomy":"product_cat","embeddable":true,"href":"https:\/\/www.galerie-scrapbooking.com\/en\/wp-json\/wp\/v2\/product_cat?post=34110"},{"taxonomy":"product_tag","embeddable":true,"href":"https:\/\/www.galerie-scrapbooking.com\/en\/wp-json\/wp\/v2\/product_tag?post=34110"}],"curies":[{"name":"wp","href":"https:\/\/api.w.org\/{rel}","templated":true}]}}