{"id":34104,"date":"2024-11-21T10:10:37","date_gmt":"2024-11-21T15:10:37","guid":{"rendered":"https:\/\/www.galerie-scrapbooking.com\/?post_type=product&#038;p=34104"},"modified":"2025-09-17T10:38:29","modified_gmt":"2025-09-17T14:38:29","slug":"spellbinders-betterpress-panneaux-de-cartes-en-coton-4-25x5-5-pebble","status":"publish","type":"product","link":"https:\/\/www.galerie-scrapbooking.com\/en\/produit\/spellbinders-betterpress-panneaux-de-cartes-en-coton-4-25x5-5-pebble\/","title":{"rendered":"Spellbinders BetterPress Panneaux de cartes en coton 4.25&#8243;x5.5&#8243; Pebble"},"content":{"rendered":"<h1 tabindex=\"0\" role=\"text\">BetterPress Panneaux de cartes en coton<\/h1>\n<div tabindex=\"0\" role=\"text\"><\/div>\n<p>BetterPress Panneaux de cartes en coton Pebble est livr\u00e9 dans un paquet de 25 panneaux A2 (4,25 x 5,5 pouces) dans une jolie couleur grise de 118 lbs.<\/p>\n<p>Le papier cartonn\u00e9 fonctionne \u00e0 merveille avec le syst\u00e8me BetterPress Letterpress.<\/p>\n<p>De plus, utilisez-le avec les dossiers de gaufrage 3D de Spellbinders pour cr\u00e9er des motifs d&#8217;arri\u00e8re-plan sculpt\u00e9s spectaculaires.<\/p>\n<p>&nbsp;<\/p>\n","protected":false},"excerpt":{"rendered":"<p>Spellbinders BetterPress Cotton Card Panels 5&#8243;x7&#8243;<\/p>\n","protected":false},"featured_media":34101,"template":"","meta":{"_acf_changed":false},"product_brand":[],"product_cat":[252,198,86,2164],"product_tag":[],"class_list":{"0":"post-34104","1":"product","2":"type-product","3":"status-publish","4":"has-post-thumbnail","6":"product_cat-herazz-nouveautes","7":"product_cat-grand-calibur-spellbinders","8":"product_cat-spellbinders","9":"product_cat-spellbinders-betterpress","10":"pa_brand_nc-spellbinders","12":"first","13":"instock","14":"taxable","15":"shipping-taxable","16":"purchasable","17":"product-type-simple"},"acf":[],"aioseo_notices":[],"_links":{"self":[{"href":"https:\/\/www.galerie-scrapbooking.com\/en\/wp-json\/wp\/v2\/product\/34104","targetHints":{"allow":["GET"]}}],"collection":[{"href":"https:\/\/www.galerie-scrapbooking.com\/en\/wp-json\/wp\/v2\/product"}],"about":[{"href":"https:\/\/www.galerie-scrapbooking.com\/en\/wp-json\/wp\/v2\/types\/product"}],"wp:featuredmedia":[{"embeddable":true,"href":"https:\/\/www.galerie-scrapbooking.com\/en\/wp-json\/wp\/v2\/media\/34101"}],"wp:attachment":[{"href":"https:\/\/www.galerie-scrapbooking.com\/en\/wp-json\/wp\/v2\/media?parent=34104"}],"wp:term":[{"taxonomy":"product_brand","embeddable":true,"href":"https:\/\/www.galerie-scrapbooking.com\/en\/wp-json\/wp\/v2\/product_brand?post=34104"},{"taxonomy":"product_cat","embeddable":true,"href":"https:\/\/www.galerie-scrapbooking.com\/en\/wp-json\/wp\/v2\/product_cat?post=34104"},{"taxonomy":"product_tag","embeddable":true,"href":"https:\/\/www.galerie-scrapbooking.com\/en\/wp-json\/wp\/v2\/product_tag?post=34104"}],"curies":[{"name":"wp","href":"https:\/\/api.w.org\/{rel}","templated":true}]}}