{"id":34096,"date":"2024-11-21T10:10:37","date_gmt":"2024-11-21T15:10:37","guid":{"rendered":"https:\/\/www.galerie-scrapbooking.com\/?post_type=product&#038;p=34096"},"modified":"2025-01-09T08:47:02","modified_gmt":"2025-01-09T13:47:02","slug":"spellbinders-betterpress-plaque-magnetique-de-remplacement","status":"publish","type":"product","link":"https:\/\/www.galerie-scrapbooking.com\/en\/produit\/spellbinders-betterpress-plaque-magnetique-de-remplacement\/","title":{"rendered":"Spellbinders BetterPress Plaque magn\u00e9tique de remplacement"},"content":{"rendered":"<h1>Spellbinders BetterPress Plaque magn\u00e9tique de remplacement<\/h1>\n<p>L&#8217;insert magn\u00e9tique de remplacement BetterPress Chase fonctionne dans le syst\u00e8me BetterPress. L&#8217;insert magn\u00e9tique Chase aide \u00e0 maintenir la plaque de presse en place pour appliquer l&#8217;encre.<\/p>\n<p>Seulement quatre \u00e9tapes faciles pour des r\u00e9sultats professionnels ! Placez la plaque de presse BetterPress sur le Chase (plate-forme magn\u00e9tique pour maintenir la plaque de presse). Ensuite, collez le panneau de carte sur la platine (plaque sup\u00e9rieure transparente avec marques d&#8217;enregistrement).<\/p>\n<p>Appliquez l&#8217;encre sur la plaque de presse. Pr\u00e9parez un sandwich typographique et passez-le dans la machine de d\u00e9coupe manuelle.<\/p>\n<p>&nbsp;<\/p>\n","protected":false},"excerpt":{"rendered":"<p>Spellbinders BetterPress Chase Magnetic Insert Replacement<\/p>\n","protected":false},"featured_media":34097,"template":"","meta":{"_acf_changed":false},"product_brand":[],"product_cat":[252,198,86,2164],"product_tag":[],"class_list":{"0":"post-34096","1":"product","2":"type-product","3":"status-publish","4":"has-post-thumbnail","6":"product_cat-herazz-nouveautes","7":"product_cat-grand-calibur-spellbinders","8":"product_cat-spellbinders","9":"product_cat-spellbinders-betterpress","10":"pa_brand_nc-spellbinders","12":"first","13":"instock","14":"taxable","15":"shipping-taxable","16":"purchasable","17":"product-type-simple"},"acf":[],"aioseo_notices":[],"_links":{"self":[{"href":"https:\/\/www.galerie-scrapbooking.com\/en\/wp-json\/wp\/v2\/product\/34096","targetHints":{"allow":["GET"]}}],"collection":[{"href":"https:\/\/www.galerie-scrapbooking.com\/en\/wp-json\/wp\/v2\/product"}],"about":[{"href":"https:\/\/www.galerie-scrapbooking.com\/en\/wp-json\/wp\/v2\/types\/product"}],"wp:featuredmedia":[{"embeddable":true,"href":"https:\/\/www.galerie-scrapbooking.com\/en\/wp-json\/wp\/v2\/media\/34097"}],"wp:attachment":[{"href":"https:\/\/www.galerie-scrapbooking.com\/en\/wp-json\/wp\/v2\/media?parent=34096"}],"wp:term":[{"taxonomy":"product_brand","embeddable":true,"href":"https:\/\/www.galerie-scrapbooking.com\/en\/wp-json\/wp\/v2\/product_brand?post=34096"},{"taxonomy":"product_cat","embeddable":true,"href":"https:\/\/www.galerie-scrapbooking.com\/en\/wp-json\/wp\/v2\/product_cat?post=34096"},{"taxonomy":"product_tag","embeddable":true,"href":"https:\/\/www.galerie-scrapbooking.com\/en\/wp-json\/wp\/v2\/product_tag?post=34096"}],"curies":[{"name":"wp","href":"https:\/\/api.w.org\/{rel}","templated":true}]}}