{"id":34095,"date":"2024-11-21T10:10:37","date_gmt":"2024-11-21T15:10:37","guid":{"rendered":"https:\/\/www.galerie-scrapbooking.com\/?post_type=product&#038;p=34095"},"modified":"2026-03-02T16:11:57","modified_gmt":"2026-03-02T21:11:57","slug":"spellbinders-betterpress-panneaux-de-cartes-en-coton-5x7-porcelaine","status":"publish","type":"product","link":"https:\/\/www.galerie-scrapbooking.com\/en\/produit\/spellbinders-betterpress-panneaux-de-cartes-en-coton-5x7-porcelaine\/","title":{"rendered":"Spellbinders BetterPress Panneaux de cartes en coton 5&#8243;x7&#8243; Porcelaine"},"content":{"rendered":"<h1 tabindex=\"0\" role=\"text\">BetterPress Panneaux de cartes en coton<\/h1>\n<div tabindex=\"0\" role=\"text\"><\/div>\n<div id=\"tw-target-text-container\" class=\"tw-ta-container F0azHf tw-nfl\" tabindex=\"0\" role=\"text\">BetterPress Panneaux de cartes en coton Porcelaine est livr\u00e9 dans un paquet de 25 panneaux A7 (5,0 x 7,0 pouces) dans une couleur blanc brillant de 118lb.<\/div>\n<div tabindex=\"0\" role=\"text\"><\/div>\n<div class=\"tw-ta-container F0azHf tw-nfl\" tabindex=\"0\" role=\"text\">Le papier cartonn\u00e9 fonctionne \u00e0 merveille avec le syst\u00e8me BetterPress Letterpress. Ou utilisez-le avec les dossiers de gaufrage 3D de Spellbinders pour cr\u00e9er des motifs d&#8217;arri\u00e8re-plan sculpt\u00e9s spectaculaires.<\/div>\n<div class=\"tw-ta-container F0azHf tw-nfl\" tabindex=\"0\" role=\"text\">Changez votre fa\u00e7on de cr\u00e9er avec BetterPress, une mani\u00e8re innovante d&#8217;obtenir l&#8217;aspect \u00e9l\u00e9gant de la typographie. Un syst\u00e8me facile \u00e0 utiliser qui produit un style de papeterie professionnel avec des impressions d\u00e9taill\u00e9es qui peuvent \u00eatre ressenties au toucher.<\/div>\n","protected":false},"excerpt":{"rendered":"<p>Spellbinders BetterPress Cotton Card Panels 5&#8243;x7&#8243;<\/p>\n","protected":false},"featured_media":34092,"template":"","meta":{"_acf_changed":false},"product_brand":[],"product_cat":[252,198,86,2164],"product_tag":[],"class_list":{"0":"post-34095","1":"product","2":"type-product","3":"status-publish","4":"has-post-thumbnail","6":"product_cat-herazz-nouveautes","7":"product_cat-grand-calibur-spellbinders","8":"product_cat-spellbinders","9":"product_cat-spellbinders-betterpress","10":"pa_brand_nc-spellbinders","12":"first","13":"instock","14":"taxable","15":"shipping-taxable","16":"purchasable","17":"product-type-simple"},"acf":[],"aioseo_notices":[],"_links":{"self":[{"href":"https:\/\/www.galerie-scrapbooking.com\/en\/wp-json\/wp\/v2\/product\/34095","targetHints":{"allow":["GET"]}}],"collection":[{"href":"https:\/\/www.galerie-scrapbooking.com\/en\/wp-json\/wp\/v2\/product"}],"about":[{"href":"https:\/\/www.galerie-scrapbooking.com\/en\/wp-json\/wp\/v2\/types\/product"}],"wp:featuredmedia":[{"embeddable":true,"href":"https:\/\/www.galerie-scrapbooking.com\/en\/wp-json\/wp\/v2\/media\/34092"}],"wp:attachment":[{"href":"https:\/\/www.galerie-scrapbooking.com\/en\/wp-json\/wp\/v2\/media?parent=34095"}],"wp:term":[{"taxonomy":"product_brand","embeddable":true,"href":"https:\/\/www.galerie-scrapbooking.com\/en\/wp-json\/wp\/v2\/product_brand?post=34095"},{"taxonomy":"product_cat","embeddable":true,"href":"https:\/\/www.galerie-scrapbooking.com\/en\/wp-json\/wp\/v2\/product_cat?post=34095"},{"taxonomy":"product_tag","embeddable":true,"href":"https:\/\/www.galerie-scrapbooking.com\/en\/wp-json\/wp\/v2\/product_tag?post=34095"}],"curies":[{"name":"wp","href":"https:\/\/api.w.org\/{rel}","templated":true}]}}