{"id":34094,"date":"2024-11-21T10:10:38","date_gmt":"2024-11-21T15:10:38","guid":{"rendered":"https:\/\/www.galerie-scrapbooking.com\/?post_type=product&#038;p=34094"},"modified":"2025-11-26T19:09:57","modified_gmt":"2025-11-27T00:09:57","slug":"spellbinders-systeme-betterpress-letterpress","status":"publish","type":"product","link":"https:\/\/www.galerie-scrapbooking.com\/en\/produit\/spellbinders-systeme-betterpress-letterpress\/","title":{"rendered":"Spellbinders Syst\u00e8me BetterPress Letterpress"},"content":{"rendered":"<h1>Spellbinders BetterPress Letterpress System<\/h1>\n<p>Le syst\u00e8me de typographie BetterPress de Spellbinders est un moyen innovant d&#8217;obtenir l&#8217;aspect \u00e9l\u00e9gant de la technique de typographie sans tout le d\u00e9sordre.<\/p>\n<p>Un syst\u00e8me facile \u00e0 utiliser pour produire un style de papeterie professionnel avec des impressions d\u00e9taill\u00e9es qui peuvent \u00eatre ressenties au toucher.\u00a0 Seulement quatre \u00e9tapes faciles pour des r\u00e9sultats professionnels !<\/p>\n<p>Con\u00e7u pour \u00eatre utilis\u00e9 avec la machine de d\u00e9coupe et de gaufrage Platinum ou Platinum 6 et est compatible avec de nombreuses autres machines de d\u00e9coupe. Comprend tout pour cr\u00e9er une superbe papeterie.<\/p>\n<p>L&#8217;ensemble comprend Chase (plate-forme magn\u00e9tique pour maintenir la plaque de presse) et 2 shims, un plateau (plaque sup\u00e9rieure transparente), des plaques de presse BetterPress, un mini tampon encreur noir BetterPress, des panneaux de cartes en coton BetterPress (15 panneaux A2), cinq de chaque en trois couleurs (porcelaine, biscuit et galet) et le meilleur ruban adh\u00e9sif de tous les temps 5\/8 po x 5 verges (180 po)<\/p>\n<p><iframe loading=\"lazy\" title=\"YouTube video player\" src=\"https:\/\/www.youtube.com\/embed\/7Tv-InfNz9M?si=9YieWXWowWMTGwgU\" width=\"560\" height=\"315\" frameborder=\"0\" allowfullscreen=\"allowfullscreen\"><\/iframe><\/p>\n<p>&nbsp;<\/p>\n","protected":false},"excerpt":{"rendered":"<p>Spellbinders BetterPress Letterpress System<\/p>\n","protected":false},"featured_media":34086,"template":"","meta":{"_acf_changed":false},"product_brand":[],"product_cat":[252,198,86,2164],"product_tag":[],"class_list":{"0":"post-34094","1":"product","2":"type-product","3":"status-publish","4":"has-post-thumbnail","6":"product_cat-herazz-nouveautes","7":"product_cat-grand-calibur-spellbinders","8":"product_cat-spellbinders","9":"product_cat-spellbinders-betterpress","10":"pa_brand_nc-spellbinders","12":"first","13":"instock","14":"taxable","15":"shipping-taxable","16":"purchasable","17":"product-type-simple"},"acf":[],"aioseo_notices":[],"_links":{"self":[{"href":"https:\/\/www.galerie-scrapbooking.com\/en\/wp-json\/wp\/v2\/product\/34094","targetHints":{"allow":["GET"]}}],"collection":[{"href":"https:\/\/www.galerie-scrapbooking.com\/en\/wp-json\/wp\/v2\/product"}],"about":[{"href":"https:\/\/www.galerie-scrapbooking.com\/en\/wp-json\/wp\/v2\/types\/product"}],"wp:featuredmedia":[{"embeddable":true,"href":"https:\/\/www.galerie-scrapbooking.com\/en\/wp-json\/wp\/v2\/media\/34086"}],"wp:attachment":[{"href":"https:\/\/www.galerie-scrapbooking.com\/en\/wp-json\/wp\/v2\/media?parent=34094"}],"wp:term":[{"taxonomy":"product_brand","embeddable":true,"href":"https:\/\/www.galerie-scrapbooking.com\/en\/wp-json\/wp\/v2\/product_brand?post=34094"},{"taxonomy":"product_cat","embeddable":true,"href":"https:\/\/www.galerie-scrapbooking.com\/en\/wp-json\/wp\/v2\/product_cat?post=34094"},{"taxonomy":"product_tag","embeddable":true,"href":"https:\/\/www.galerie-scrapbooking.com\/en\/wp-json\/wp\/v2\/product_tag?post=34094"}],"curies":[{"name":"wp","href":"https:\/\/api.w.org\/{rel}","templated":true}]}}