{"id":34085,"date":"2024-11-21T10:10:38","date_gmt":"2024-11-21T15:10:38","guid":{"rendered":"https:\/\/www.galerie-scrapbooking.com\/?post_type=product&#038;p=34085"},"modified":"2025-02-18T13:42:27","modified_gmt":"2025-02-18T18:42:27","slug":"spellbinders-betterpress-shims-de-remplacement","status":"publish","type":"product","link":"https:\/\/www.galerie-scrapbooking.com\/en\/produit\/spellbinders-betterpress-shims-de-remplacement\/","title":{"rendered":"Spellbinders BetterPress Shims de remplacement"},"content":{"rendered":"<h1>Spellbinders BetterPress Shims de remplacement<\/h1>\n<p>Les Shims de remplacement BetterPress fonctionnent dans le syst\u00e8me BetterPress.<\/p>\n<p>Vous recevrez trois shims minces en plastique qui vous permettront d&#8217;augmenter ou de diminuer la pression dans votre BetterPress. Changez votre fa\u00e7on de cr\u00e9er avec BetterPress, une mani\u00e8re innovante d&#8217;obtenir l&#8217;aspect \u00e9l\u00e9gant de la typographie sans tout le d\u00e9sordre.<\/p>\n<p>C&#8217;est un syst\u00e8me facile \u00e0 utiliser qui produit un style de papeterie professionnel avec des impressions d\u00e9taill\u00e9es qui peuvent \u00eatre ressenties au toucher. Le syst\u00e8me BetterPress fonctionne avec votre machine de d\u00e9coupe manuelle pour cr\u00e9er des effets typographiques magnifiques, sans effort et d\u00e9taill\u00e9s.<\/p>\n<p>Taille approximative : 5,81 x 8,88 pouces &#8211;\u00a0 14,8 x 22,5 cm<\/p>\n","protected":false},"excerpt":{"rendered":"<p>Spellbinders BetterPress Replacement Shims<\/p>\n","protected":false},"featured_media":34090,"template":"","meta":{"_acf_changed":false},"product_brand":[],"product_cat":[252,198,86,2164],"product_tag":[],"class_list":{"0":"post-34085","1":"product","2":"type-product","3":"status-publish","4":"has-post-thumbnail","6":"product_cat-herazz-nouveautes","7":"product_cat-grand-calibur-spellbinders","8":"product_cat-spellbinders","9":"product_cat-spellbinders-betterpress","10":"pa_brand_nc-spellbinders","12":"first","13":"instock","14":"taxable","15":"shipping-taxable","16":"purchasable","17":"product-type-simple"},"acf":[],"aioseo_notices":[],"_links":{"self":[{"href":"https:\/\/www.galerie-scrapbooking.com\/en\/wp-json\/wp\/v2\/product\/34085","targetHints":{"allow":["GET"]}}],"collection":[{"href":"https:\/\/www.galerie-scrapbooking.com\/en\/wp-json\/wp\/v2\/product"}],"about":[{"href":"https:\/\/www.galerie-scrapbooking.com\/en\/wp-json\/wp\/v2\/types\/product"}],"wp:featuredmedia":[{"embeddable":true,"href":"https:\/\/www.galerie-scrapbooking.com\/en\/wp-json\/wp\/v2\/media\/34090"}],"wp:attachment":[{"href":"https:\/\/www.galerie-scrapbooking.com\/en\/wp-json\/wp\/v2\/media?parent=34085"}],"wp:term":[{"taxonomy":"product_brand","embeddable":true,"href":"https:\/\/www.galerie-scrapbooking.com\/en\/wp-json\/wp\/v2\/product_brand?post=34085"},{"taxonomy":"product_cat","embeddable":true,"href":"https:\/\/www.galerie-scrapbooking.com\/en\/wp-json\/wp\/v2\/product_cat?post=34085"},{"taxonomy":"product_tag","embeddable":true,"href":"https:\/\/www.galerie-scrapbooking.com\/en\/wp-json\/wp\/v2\/product_tag?post=34085"}],"curies":[{"name":"wp","href":"https:\/\/api.w.org\/{rel}","templated":true}]}}