{"id":34073,"date":"2024-11-14T09:57:26","date_gmt":"2024-11-14T14:57:26","guid":{"rendered":"https:\/\/www.galerie-scrapbooking.com\/?post_type=product&#038;p=34073"},"modified":"2025-01-09T08:47:16","modified_gmt":"2025-01-09T13:47:16","slug":"marianne-design-etampe-poinsettia","status":"publish","type":"product","link":"https:\/\/www.galerie-scrapbooking.com\/en\/produit\/marianne-design-etampe-poinsettia\/","title":{"rendered":"Marianne Design \u00c9tampe Poinsettia"},"content":{"rendered":"<p>Marianne Design \u00c9tampe &#8211; Poinsettia<\/p>\n<p>Un nouvel ajout \u00e0 la s\u00e9rie d&#8217;\u00e9tampes Marianne Design, un Poinsettia classique.<\/p>\n<p>Convient \u00e0 toutes sortes de techniques de coloration. Parfait pour vos cartes de No\u00ebl et projets \u00e0 th\u00e8me festif.<\/p>\n<p>1 pi\u00e8ce, 6.8 x 14.0 cm<\/p>\n","protected":false},"excerpt":{"rendered":"<p>Marianne Design Stamps &#8211; Poinsettia<\/p>\n","protected":false},"featured_media":34074,"template":"","meta":{"_acf_changed":false},"product_brand":[],"product_cat":[121],"product_tag":[],"class_list":{"0":"post-34073","1":"product","2":"type-product","3":"status-publish","4":"has-post-thumbnail","6":"product_cat-etampe-scrapbooking-autre","7":"pa_brand_nc-marianne-designs","9":"first","10":"instock","11":"taxable","12":"shipping-taxable","13":"purchasable","14":"product-type-simple"},"acf":[],"aioseo_notices":[],"_links":{"self":[{"href":"https:\/\/www.galerie-scrapbooking.com\/en\/wp-json\/wp\/v2\/product\/34073","targetHints":{"allow":["GET"]}}],"collection":[{"href":"https:\/\/www.galerie-scrapbooking.com\/en\/wp-json\/wp\/v2\/product"}],"about":[{"href":"https:\/\/www.galerie-scrapbooking.com\/en\/wp-json\/wp\/v2\/types\/product"}],"wp:featuredmedia":[{"embeddable":true,"href":"https:\/\/www.galerie-scrapbooking.com\/en\/wp-json\/wp\/v2\/media\/34074"}],"wp:attachment":[{"href":"https:\/\/www.galerie-scrapbooking.com\/en\/wp-json\/wp\/v2\/media?parent=34073"}],"wp:term":[{"taxonomy":"product_brand","embeddable":true,"href":"https:\/\/www.galerie-scrapbooking.com\/en\/wp-json\/wp\/v2\/product_brand?post=34073"},{"taxonomy":"product_cat","embeddable":true,"href":"https:\/\/www.galerie-scrapbooking.com\/en\/wp-json\/wp\/v2\/product_cat?post=34073"},{"taxonomy":"product_tag","embeddable":true,"href":"https:\/\/www.galerie-scrapbooking.com\/en\/wp-json\/wp\/v2\/product_tag?post=34073"}],"curies":[{"name":"wp","href":"https:\/\/api.w.org\/{rel}","templated":true}]}}