{"id":34013,"date":"2024-11-07T11:27:34","date_gmt":"2024-11-07T16:27:34","guid":{"rendered":"https:\/\/www.galerie-scrapbooking.com\/?post_type=product&#038;p=34013"},"modified":"2025-12-26T18:44:45","modified_gmt":"2025-12-26T23:44:45","slug":"lavinia-etampe-chalets-dans-les-bois","status":"publish","type":"product","link":"https:\/\/www.galerie-scrapbooking.com\/en\/produit\/lavinia-etampe-chalets-dans-les-bois\/","title":{"rendered":"Lavinia \u00c9tampe Chalets dans les Bois"},"content":{"rendered":"<h1>Lavinia \u00c9tampe Chalets dans les Bois<\/h1>\n<p>Un ensemble de deux \u00e9tampes individuelles pr\u00e9sentant des illustrations d&#8217;un chalet et d&#8217;une grande maison.<\/p>\n<p>Ces deux \u00e9tampes avec leurs toits en pente et leurs d\u00e9tails en bois sont parfaits pour cr\u00e9er un petit village. Ajoutez des sc\u00e8nes avec des sapins et autres maisonnettes.<\/p>\n<p>N\u00e9cessite l&#8217;utilisation d&#8217;un bloc acrylique.<\/p>\n<p>3.1 x 5.3 &#8211; 3.5 x 3.4 cm.<\/p>\n","protected":false},"excerpt":{"rendered":"<p>Lavinia Stamp &#8211; Woodland Cottages<\/p>\n","protected":false},"featured_media":34018,"template":"","meta":{"_acf_changed":false},"product_brand":[],"product_cat":[342,424,252],"product_tag":[],"class_list":{"0":"post-34013","1":"product","2":"type-product","3":"status-publish","4":"has-post-thumbnail","6":"product_cat-etampes-lavinia","7":"product_cat-mystique-zen","8":"product_cat-herazz-nouveautes","9":"pa_brand_nc-lavinia","11":"first","12":"instock","13":"taxable","14":"shipping-taxable","15":"purchasable","16":"product-type-simple"},"acf":[],"aioseo_notices":[],"_links":{"self":[{"href":"https:\/\/www.galerie-scrapbooking.com\/en\/wp-json\/wp\/v2\/product\/34013","targetHints":{"allow":["GET"]}}],"collection":[{"href":"https:\/\/www.galerie-scrapbooking.com\/en\/wp-json\/wp\/v2\/product"}],"about":[{"href":"https:\/\/www.galerie-scrapbooking.com\/en\/wp-json\/wp\/v2\/types\/product"}],"wp:featuredmedia":[{"embeddable":true,"href":"https:\/\/www.galerie-scrapbooking.com\/en\/wp-json\/wp\/v2\/media\/34018"}],"wp:attachment":[{"href":"https:\/\/www.galerie-scrapbooking.com\/en\/wp-json\/wp\/v2\/media?parent=34013"}],"wp:term":[{"taxonomy":"product_brand","embeddable":true,"href":"https:\/\/www.galerie-scrapbooking.com\/en\/wp-json\/wp\/v2\/product_brand?post=34013"},{"taxonomy":"product_cat","embeddable":true,"href":"https:\/\/www.galerie-scrapbooking.com\/en\/wp-json\/wp\/v2\/product_cat?post=34013"},{"taxonomy":"product_tag","embeddable":true,"href":"https:\/\/www.galerie-scrapbooking.com\/en\/wp-json\/wp\/v2\/product_tag?post=34013"}],"curies":[{"name":"wp","href":"https:\/\/api.w.org\/{rel}","templated":true}]}}