{"id":34008,"date":"2024-11-07T11:27:34","date_gmt":"2024-11-07T16:27:34","guid":{"rendered":"https:\/\/www.galerie-scrapbooking.com\/?post_type=product&#038;p=34008"},"modified":"2026-04-19T09:39:10","modified_gmt":"2026-04-19T13:39:10","slug":"lavinia-etampe-chalet-des-prairies","status":"publish","type":"product","link":"https:\/\/www.galerie-scrapbooking.com\/en\/produit\/lavinia-etampe-chalet-des-prairies\/","title":{"rendered":"Lavinia \u00c9tampe Chalet des Prairies"},"content":{"rendered":"<p>Une \u00e9tampe individuelle repr\u00e9sentant une illustration d&#8217;un petit chalet d&#8217;un \u00e9tage avec un toit pointu.<\/p>\n<p>Ce chalet a un toit en pente et des d\u00e9tails en bois ci-dessous. Les d\u00e9tails autour de la fen\u00eatre circulaire et du porche au-dessus de la porte d&#8217;entr\u00e9e sont un compl\u00e9ment parfait pour une propri\u00e9t\u00e9 magique.<\/p>\n<p>Ajoutez ce tampon aux sc\u00e8nes avec d&#8217;autres maisons et maisonnettes pour cr\u00e9er un village.<\/p>\n<p>N\u00e9cessite l&#8217;utilisation d&#8217;un bloc acrylique.<\/p>\n<p>5.0 x 4.8 cm.<\/p>\n","protected":false},"excerpt":{"rendered":"<p>Lavinia Stamp &#8211; Meadow Cottage<\/p>\n","protected":false},"featured_media":34009,"template":"","meta":{"_acf_changed":false},"product_brand":[],"product_cat":[342,424,252],"product_tag":[],"class_list":{"0":"post-34008","1":"product","2":"type-product","3":"status-publish","4":"has-post-thumbnail","6":"product_cat-etampes-lavinia","7":"product_cat-mystique-zen","8":"product_cat-herazz-nouveautes","9":"pa_brand_nc-lavinia","11":"first","12":"instock","13":"taxable","14":"shipping-taxable","15":"purchasable","16":"product-type-simple"},"acf":[],"aioseo_notices":[],"_links":{"self":[{"href":"https:\/\/www.galerie-scrapbooking.com\/en\/wp-json\/wp\/v2\/product\/34008","targetHints":{"allow":["GET"]}}],"collection":[{"href":"https:\/\/www.galerie-scrapbooking.com\/en\/wp-json\/wp\/v2\/product"}],"about":[{"href":"https:\/\/www.galerie-scrapbooking.com\/en\/wp-json\/wp\/v2\/types\/product"}],"wp:featuredmedia":[{"embeddable":true,"href":"https:\/\/www.galerie-scrapbooking.com\/en\/wp-json\/wp\/v2\/media\/34009"}],"wp:attachment":[{"href":"https:\/\/www.galerie-scrapbooking.com\/en\/wp-json\/wp\/v2\/media?parent=34008"}],"wp:term":[{"taxonomy":"product_brand","embeddable":true,"href":"https:\/\/www.galerie-scrapbooking.com\/en\/wp-json\/wp\/v2\/product_brand?post=34008"},{"taxonomy":"product_cat","embeddable":true,"href":"https:\/\/www.galerie-scrapbooking.com\/en\/wp-json\/wp\/v2\/product_cat?post=34008"},{"taxonomy":"product_tag","embeddable":true,"href":"https:\/\/www.galerie-scrapbooking.com\/en\/wp-json\/wp\/v2\/product_tag?post=34008"}],"curies":[{"name":"wp","href":"https:\/\/api.w.org\/{rel}","templated":true}]}}