{"id":33998,"date":"2024-11-07T11:27:34","date_gmt":"2024-11-07T16:27:34","guid":{"rendered":"https:\/\/www.galerie-scrapbooking.com\/?post_type=product&#038;p=33998"},"modified":"2025-12-26T18:44:45","modified_gmt":"2025-12-26T23:44:45","slug":"lavinia-etampe-maisonnette-a-3-etages","status":"publish","type":"product","link":"https:\/\/www.galerie-scrapbooking.com\/en\/produit\/lavinia-etampe-maisonnette-a-3-etages\/","title":{"rendered":"Lavinia \u00c9tampe Maisonnette \u00e0 3 \u00e9tages"},"content":{"rendered":"<h1>Lavinia \u00c9tampe Maisonnette \u00e0 3 \u00e9tages<\/h1>\n<p>Une \u00e9tampe individuelle pr\u00e9sentant une illustration d&#8217;une grande maison de trois \u00e9tages avec un toit pointu.<\/p>\n<p>Cette maisonnette pr\u00e9sente un d\u00e9tail en bois sous son toit pointu et deux fen\u00eatres carr\u00e9es au-dessus d&#8217;une porte d&#8217;entr\u00e9e.<\/p>\n<p>Ajoutez cette \u00e9tampe aux sc\u00e8nes avec diff\u00e9rentes \u00e9tampes pour cr\u00e9er un village.<\/p>\n<p>N\u00e9cessite l&#8217;utilisation d&#8217;un bloc acrylique.<\/p>\n<p>4.3 x 7.4 cm.<\/p>\n","protected":false},"excerpt":{"rendered":"<p>Lavinia Stamp &#8211; Woodside View<\/p>\n","protected":false},"featured_media":33999,"template":"","meta":{"_acf_changed":false},"product_brand":[],"product_cat":[342,424,252],"product_tag":[],"class_list":{"0":"post-33998","1":"product","2":"type-product","3":"status-publish","4":"has-post-thumbnail","6":"product_cat-etampes-lavinia","7":"product_cat-mystique-zen","8":"product_cat-herazz-nouveautes","9":"pa_brand_nc-lavinia","11":"first","12":"instock","13":"taxable","14":"shipping-taxable","15":"purchasable","16":"product-type-simple"},"acf":[],"aioseo_notices":[],"_links":{"self":[{"href":"https:\/\/www.galerie-scrapbooking.com\/en\/wp-json\/wp\/v2\/product\/33998","targetHints":{"allow":["GET"]}}],"collection":[{"href":"https:\/\/www.galerie-scrapbooking.com\/en\/wp-json\/wp\/v2\/product"}],"about":[{"href":"https:\/\/www.galerie-scrapbooking.com\/en\/wp-json\/wp\/v2\/types\/product"}],"wp:featuredmedia":[{"embeddable":true,"href":"https:\/\/www.galerie-scrapbooking.com\/en\/wp-json\/wp\/v2\/media\/33999"}],"wp:attachment":[{"href":"https:\/\/www.galerie-scrapbooking.com\/en\/wp-json\/wp\/v2\/media?parent=33998"}],"wp:term":[{"taxonomy":"product_brand","embeddable":true,"href":"https:\/\/www.galerie-scrapbooking.com\/en\/wp-json\/wp\/v2\/product_brand?post=33998"},{"taxonomy":"product_cat","embeddable":true,"href":"https:\/\/www.galerie-scrapbooking.com\/en\/wp-json\/wp\/v2\/product_cat?post=33998"},{"taxonomy":"product_tag","embeddable":true,"href":"https:\/\/www.galerie-scrapbooking.com\/en\/wp-json\/wp\/v2\/product_tag?post=33998"}],"curies":[{"name":"wp","href":"https:\/\/api.w.org\/{rel}","templated":true}]}}