{"id":33973,"date":"2024-11-07T11:27:34","date_gmt":"2024-11-07T16:27:34","guid":{"rendered":"https:\/\/www.galerie-scrapbooking.com\/?post_type=product&#038;p=33973"},"modified":"2025-04-06T09:22:03","modified_gmt":"2025-04-06T13:22:03","slug":"lavinia-etampe-maison-dans-un-arbre-enchante","status":"publish","type":"product","link":"https:\/\/www.galerie-scrapbooking.com\/en\/produit\/lavinia-etampe-maison-dans-un-arbre-enchante\/","title":{"rendered":"Lavinia \u00c9tampe Maison dans un arbre enchant\u00e9"},"content":{"rendered":"<p>Une \u00e9tampe individuelle repr\u00e9sentant une illustration d&#8217;une maison dans un arbre enchant\u00e9.<\/p>\n<p>La maison au toit pointu et \u00e0 la chemin\u00e9e se trouve au sommet d&#8217;un tronc d&#8217;arbre. Les branches de l&#8217;arbre forment un nid autour de la base de l&#8217;arbre. Le tronc est constitu\u00e9 de branches courbes entrelac\u00e9es.<\/p>\n<p>Ce timbre fonctionne \u00e0 merveille avec Sapin enneig\u00e9 ou Freddie .<\/p>\n<p>N\u00e9cessite l&#8217;utilisation d&#8217;un bloc acrylique.<\/p>\n<p>14.5 x 6.5 cm.<\/p>\n","protected":false},"excerpt":{"rendered":"<p>Lavinia Stamp &#8211; The Nook Stamp<\/p>\n","protected":false},"featured_media":33974,"template":"","meta":{"_acf_changed":false},"product_brand":[],"product_cat":[342,424,252],"product_tag":[],"class_list":{"0":"post-33973","1":"product","2":"type-product","3":"status-publish","4":"has-post-thumbnail","6":"product_cat-etampes-lavinia","7":"product_cat-mystique-zen","8":"product_cat-herazz-nouveautes","9":"pa_brand_nc-lavinia","11":"first","12":"instock","13":"taxable","14":"shipping-taxable","15":"purchasable","16":"product-type-simple"},"acf":[],"aioseo_notices":[],"_links":{"self":[{"href":"https:\/\/www.galerie-scrapbooking.com\/en\/wp-json\/wp\/v2\/product\/33973","targetHints":{"allow":["GET"]}}],"collection":[{"href":"https:\/\/www.galerie-scrapbooking.com\/en\/wp-json\/wp\/v2\/product"}],"about":[{"href":"https:\/\/www.galerie-scrapbooking.com\/en\/wp-json\/wp\/v2\/types\/product"}],"wp:featuredmedia":[{"embeddable":true,"href":"https:\/\/www.galerie-scrapbooking.com\/en\/wp-json\/wp\/v2\/media\/33974"}],"wp:attachment":[{"href":"https:\/\/www.galerie-scrapbooking.com\/en\/wp-json\/wp\/v2\/media?parent=33973"}],"wp:term":[{"taxonomy":"product_brand","embeddable":true,"href":"https:\/\/www.galerie-scrapbooking.com\/en\/wp-json\/wp\/v2\/product_brand?post=33973"},{"taxonomy":"product_cat","embeddable":true,"href":"https:\/\/www.galerie-scrapbooking.com\/en\/wp-json\/wp\/v2\/product_cat?post=33973"},{"taxonomy":"product_tag","embeddable":true,"href":"https:\/\/www.galerie-scrapbooking.com\/en\/wp-json\/wp\/v2\/product_tag?post=33973"}],"curies":[{"name":"wp","href":"https:\/\/api.w.org\/{rel}","templated":true}]}}