{"id":33850,"date":"2024-10-31T08:59:25","date_gmt":"2024-10-31T12:59:25","guid":{"rendered":"https:\/\/www.galerie-scrapbooking.com\/?post_type=product&#038;p=33850"},"modified":"2026-04-29T10:06:42","modified_gmt":"2026-04-29T14:06:42","slug":"panpastel-ultra-soft-pastel-dartiste-jaune-diarylide","status":"publish","type":"product","link":"https:\/\/www.galerie-scrapbooking.com\/en\/produit\/panpastel-ultra-soft-pastel-dartiste-jaune-diarylide\/","title":{"rendered":"PanPastel Ultra Soft Pastel d&#8217;Artiste Jaune Diarylide"},"content":{"rendered":"<h1>PanPastel Ultra Soft Pastel d&#8217;Artiste Jaune Diarylide<\/h1>\n<p>Les couleurs sont de v\u00e9ritables pastels de qualit\u00e9 artistique, emball\u00e9s de mani\u00e8re unique .<\/p>\n<p>Appliquez la couleur pastel comme une vraie peinture.<\/p>\n<p>La formulation unique des couleurs PanPastel permet d&#8217;obtenir un pastel \u00e9tonnamment doux et pratiquement d\u00e9pourvu de poussi\u00e8re, et l&#8217;emballage permet de les empiler pour faciliter le rangement ou le transport.<\/p>\n<p>Peut m\u00eame \u00eatre appliqu\u00e9 avec un couteau.<\/p>\n","protected":false},"excerpt":{"rendered":"<p>PanPastel Ultra Soft Artist Pastel 9ml &#8211; Diarylide Yellow<\/p>\n","protected":false},"featured_media":33851,"template":"","meta":{"_acf_changed":false},"product_brand":[],"product_cat":[252,2130],"product_tag":[],"class_list":{"0":"post-33850","1":"product","2":"type-product","3":"status-publish","4":"has-post-thumbnail","6":"product_cat-herazz-nouveautes","7":"product_cat-panpastel","8":"pa_brand_nc-panpastel","10":"first","11":"instock","12":"taxable","13":"shipping-taxable","14":"purchasable","15":"product-type-simple"},"acf":[],"aioseo_notices":[],"_links":{"self":[{"href":"https:\/\/www.galerie-scrapbooking.com\/en\/wp-json\/wp\/v2\/product\/33850","targetHints":{"allow":["GET"]}}],"collection":[{"href":"https:\/\/www.galerie-scrapbooking.com\/en\/wp-json\/wp\/v2\/product"}],"about":[{"href":"https:\/\/www.galerie-scrapbooking.com\/en\/wp-json\/wp\/v2\/types\/product"}],"wp:featuredmedia":[{"embeddable":true,"href":"https:\/\/www.galerie-scrapbooking.com\/en\/wp-json\/wp\/v2\/media\/33851"}],"wp:attachment":[{"href":"https:\/\/www.galerie-scrapbooking.com\/en\/wp-json\/wp\/v2\/media?parent=33850"}],"wp:term":[{"taxonomy":"product_brand","embeddable":true,"href":"https:\/\/www.galerie-scrapbooking.com\/en\/wp-json\/wp\/v2\/product_brand?post=33850"},{"taxonomy":"product_cat","embeddable":true,"href":"https:\/\/www.galerie-scrapbooking.com\/en\/wp-json\/wp\/v2\/product_cat?post=33850"},{"taxonomy":"product_tag","embeddable":true,"href":"https:\/\/www.galerie-scrapbooking.com\/en\/wp-json\/wp\/v2\/product_tag?post=33850"}],"curies":[{"name":"wp","href":"https:\/\/api.w.org\/{rel}","templated":true}]}}