{"id":33844,"date":"2024-10-31T08:59:25","date_gmt":"2024-10-31T12:59:25","guid":{"rendered":"https:\/\/www.galerie-scrapbooking.com\/?post_type=product&#038;p=33844"},"modified":"2025-01-09T08:48:11","modified_gmt":"2025-01-09T13:48:11","slug":"tim-holtz-stencil-sapin-moderne","status":"publish","type":"product","link":"https:\/\/www.galerie-scrapbooking.com\/en\/produit\/tim-holtz-stencil-sapin-moderne\/","title":{"rendered":"Tim Holtz Stencil Sapin moderne"},"content":{"rendered":"<p>Tim Holtz Stencil<\/p>\n<p>Les pochoirs sont con\u00e7us pour ajouter de la texture et des images \u00e0 votre cr\u00e9ativit\u00e9.<\/p>\n<p>La forme simple de l&#8217;\u00e9tiquette facilite l&#8217;organisation et le stockage des pochoirs en un seul endroit.<\/p>\n<p>Utilisez-le avec vos encres, peintures, p\u00e2tes pr\u00e9f\u00e9r\u00e9es et bien plus encore pour des possibilit\u00e9s infinies.<\/p>\n<p>Ce paquet contient un stencil de 4,125 x 8,5 pouces. Disponibles dans une vari\u00e9t\u00e9 de mod\u00e8les.<\/p>\n<p>&nbsp;<\/p>\n<p><iframe loading=\"lazy\" src=\"\/\/www.youtube.com\/embed\/q7dBTd8jccY\" width=\"450\" height=\"253\" frameborder=\"0\" allowfullscreen=\"allowfullscreen\"><\/iframe><\/p>\n","protected":false},"excerpt":{"rendered":"<p>Tim Holtz Layered Stencil 4.125&#8243;X8.5&#8243; &#8211; Modern Tree<\/p>\n","protected":false},"featured_media":33845,"template":"","meta":{"_acf_changed":false},"product_brand":[],"product_cat":[105,252,245],"product_tag":[],"class_list":{"0":"post-33844","1":"product","2":"type-product","3":"status-publish","4":"has-post-thumbnail","6":"product_cat-masques-scrapbooking","7":"product_cat-herazz-nouveautes","8":"product_cat-stencils-masques-tim-holtz","9":"pa_brand_nc-tim-holtz","11":"first","12":"instock","13":"taxable","14":"shipping-taxable","15":"purchasable","16":"product-type-simple"},"acf":[],"aioseo_notices":[],"_links":{"self":[{"href":"https:\/\/www.galerie-scrapbooking.com\/en\/wp-json\/wp\/v2\/product\/33844","targetHints":{"allow":["GET"]}}],"collection":[{"href":"https:\/\/www.galerie-scrapbooking.com\/en\/wp-json\/wp\/v2\/product"}],"about":[{"href":"https:\/\/www.galerie-scrapbooking.com\/en\/wp-json\/wp\/v2\/types\/product"}],"wp:featuredmedia":[{"embeddable":true,"href":"https:\/\/www.galerie-scrapbooking.com\/en\/wp-json\/wp\/v2\/media\/33845"}],"wp:attachment":[{"href":"https:\/\/www.galerie-scrapbooking.com\/en\/wp-json\/wp\/v2\/media?parent=33844"}],"wp:term":[{"taxonomy":"product_brand","embeddable":true,"href":"https:\/\/www.galerie-scrapbooking.com\/en\/wp-json\/wp\/v2\/product_brand?post=33844"},{"taxonomy":"product_cat","embeddable":true,"href":"https:\/\/www.galerie-scrapbooking.com\/en\/wp-json\/wp\/v2\/product_cat?post=33844"},{"taxonomy":"product_tag","embeddable":true,"href":"https:\/\/www.galerie-scrapbooking.com\/en\/wp-json\/wp\/v2\/product_tag?post=33844"}],"curies":[{"name":"wp","href":"https:\/\/api.w.org\/{rel}","templated":true}]}}