{"id":33839,"date":"2024-10-31T08:59:25","date_gmt":"2024-10-31T12:59:25","guid":{"rendered":"https:\/\/www.galerie-scrapbooking.com\/?post_type=product&#038;p=33839"},"modified":"2025-04-16T15:02:52","modified_gmt":"2025-04-16T19:02:52","slug":"spellbinders-shapeabilities-village-hivernal","status":"publish","type":"product","link":"https:\/\/www.galerie-scrapbooking.com\/en\/produit\/spellbinders-shapeabilities-village-hivernal\/","title":{"rendered":"Spellbinders Shapeabilities Village hivernal"},"content":{"rendered":"<p>L&#8217;ensemble de 10 matrices de d\u00e9coupe en m\u00e9tal mince comprend deux formes de maison, les matrices d&#8217;insertion assorties avec les d\u00e9tails des fen\u00eatres et des portes, deux portes, deux motifs d&#8217;arbres avec leurs supports et la chemin\u00e9e en bois pour compl\u00e9ter l&#8217;ensemble.<\/p>\n<p>Dimensions approximatives:<\/p>\n<p>Base : 3,70 x 0,45 po\/9,40 x 1,20 cm<\/p>\n<p>Contour de la petite maison : 1,20 x 1,45 po\/3,00 x 3,70 cm<\/p>\n<p>Insertion petite maison : 1,15 x 1,41 po\/2,90 x 3,60 cm<\/p>\n<p>Contour de la grande maison : 1,30 x 1,85 po\/3,30 x 4,70 cm<\/p>\n<p>Grand insert de maison : 1,25 x 1,79 po\/3,20 x 4,50 cm<\/p>\n<p>Porte en arc arrondi : 0,32 x 0,65 po\/0,80 x 1,60 cm<\/p>\n<p>Porte rectangulaire : 0,35 x 0,65 po\/0,80 x 1,60 cm<\/p>\n<p>Arbre \u00e0 \u00e9tages : 0,75 x 1,05 po\/1,90 x 2,60 cm<\/p>\n<p>Arbre triangulaire : 0,65 x 1,05 po\/1,70 x 2,70 cm<\/p>\n<p>Support d&#8217;arbre (2 pi\u00e8ces) : 0,25 x 1,05 po\/0,60 x 2,70 cm<\/p>\n<p>&nbsp;<\/p>\n","protected":false},"excerpt":{"rendered":"<p>Spellbinders Etched Dies &#8211; Mantel Village<\/p>\n","protected":false},"featured_media":33840,"template":"","meta":{"_acf_changed":false},"product_brand":[],"product_cat":[252,195],"product_tag":[],"class_list":{"0":"post-33839","1":"product","2":"type-product","3":"status-publish","4":"has-post-thumbnail","6":"product_cat-herazz-nouveautes","7":"product_cat-shapeabilities-spellbinders-scrapbooking","8":"pa_brand_nc-spellbinders","10":"first","11":"instock","12":"taxable","13":"shipping-taxable","14":"purchasable","15":"product-type-simple"},"acf":[],"aioseo_notices":[],"_links":{"self":[{"href":"https:\/\/www.galerie-scrapbooking.com\/en\/wp-json\/wp\/v2\/product\/33839","targetHints":{"allow":["GET"]}}],"collection":[{"href":"https:\/\/www.galerie-scrapbooking.com\/en\/wp-json\/wp\/v2\/product"}],"about":[{"href":"https:\/\/www.galerie-scrapbooking.com\/en\/wp-json\/wp\/v2\/types\/product"}],"wp:featuredmedia":[{"embeddable":true,"href":"https:\/\/www.galerie-scrapbooking.com\/en\/wp-json\/wp\/v2\/media\/33840"}],"wp:attachment":[{"href":"https:\/\/www.galerie-scrapbooking.com\/en\/wp-json\/wp\/v2\/media?parent=33839"}],"wp:term":[{"taxonomy":"product_brand","embeddable":true,"href":"https:\/\/www.galerie-scrapbooking.com\/en\/wp-json\/wp\/v2\/product_brand?post=33839"},{"taxonomy":"product_cat","embeddable":true,"href":"https:\/\/www.galerie-scrapbooking.com\/en\/wp-json\/wp\/v2\/product_cat?post=33839"},{"taxonomy":"product_tag","embeddable":true,"href":"https:\/\/www.galerie-scrapbooking.com\/en\/wp-json\/wp\/v2\/product_tag?post=33839"}],"curies":[{"name":"wp","href":"https:\/\/api.w.org\/{rel}","templated":true}]}}