{"id":33834,"date":"2024-10-31T08:59:25","date_gmt":"2024-10-31T12:59:25","guid":{"rendered":"https:\/\/www.galerie-scrapbooking.com\/?post_type=product&#038;p=33834"},"modified":"2025-01-09T08:48:10","modified_gmt":"2025-01-09T13:48:10","slug":"spellbinders-shapeabilities-sapin-de-noel-2","status":"publish","type":"product","link":"https:\/\/www.galerie-scrapbooking.com\/en\/produit\/spellbinders-shapeabilities-sapin-de-noel-2\/","title":{"rendered":"Spellbinders Shapeabilities Sapin de No\u00ebl"},"content":{"rendered":"<p>D\u00e9coup\u00e9 et assembl\u00e9, ce lot de 14 fines matrices de d\u00e9coupe en m\u00e9tal cr\u00e9e un magnifique sapin de No\u00ebl traditionnel avec toutes les garnitures et une pile de cadeaux autour de son pied.<\/p>\n<p>Aucun d\u00e9tail n&#8217;est oubli\u00e9, depuis les formes des ornements, en passant par l&#8217;\u00e9toile, jusqu&#8217;aux n\u0153uds des cadeaux.<\/p>\n<p>Utilisez diff\u00e9rents tons de papier cartonn\u00e9 vert dans les couches d&#8217;arbres pour plus de dimension et d&#8217;int\u00e9r\u00eat.<\/p>\n<p>Dimensions approximatives:<\/p>\n<p>Base d&#8217;ombre d&#8217;arbre : 2,55 x 3,95 po\/6,50 x 9,80 cm<\/p>\n<p>Couche de branches d&#8217;arbre : 2,50 x 4,10 po\/6,30 x 10,40 cm<\/p>\n<p>Couche de branches sup\u00e9rieure : 1,00 x 1,55 po\/2,50 x 3,90 cm<\/p>\n<p>Couche de branches m\u00e9dianes : 1,95 x 1,45 po\/4,90 x 3,70 cm<\/p>\n<p>Couche de branches inf\u00e9rieures : 2,60 x 1,35 po\/6,60 x 3,40 cm<\/p>\n<p>\u00c9toile (3 pi\u00e8ces) : 0,40 x 0,35 po\/1,00 x 0,90 cm<\/p>\n<p>Ornement rond (3 pi\u00e8ces) : 0,25 x 0,25 po\/0,60 x 0,60 cm<\/p>\n<p>Ornement vintage (3 pi\u00e8ces) : 0,35 x 0,35 po\/0,80 x 0,80 cm<\/p>\n<p>Ornement en diamant (3 pi\u00e8ces) : 0,25 x 0,35 po\/0,60 x 0,80 cm<\/p>\n<p>N\u0153ud \u00e0 4 boucles : 0,65 x 0,60 po\/1,60 x 1,50 cm<\/p>\n<p>Arc \u00e0 2 boucles : 0,55 x 0,60 po\/1,30 x 1,50 cm<\/p>\n<p>Ruban crois\u00e9 : 0,65 x 1,30 po\/1,60 x 3,30 cm<\/p>\n<p>Ruban simple : 0,05 x 1,30 po\/0,10 x 3,20 cm<\/p>\n<p>Coffret cadeau \u00e0 pois : 0,80 x 0,70 po\/2,00 x 1,80 cm<\/p>\n<p>Coffret cadeau \u00e0 rayures : 0,55 x 1,25 po\/1,40 x 3,10 cm<\/p>\n<p>Petit coffret cadeau : 0,70 x 0,30 po\/1,80 x 0,70 cm<\/p>\n<p>Couvercle de petite bo\u00eete : 0,75 x 0,15 po\/1,90 x 0,40 cm<\/p>\n<p>Grand couvercle de bo\u00eete : 0,90 x 0,20 po\/2,20 x 0,50 cm<\/p>\n<p>Base du support d&#8217;arbre : 1,20 x 0,50 po\/3,10 x 1,30 cm<\/p>\n<p>Couche de support d&#8217;arbre : 1,20 x 0,50 po\/3,10 x 1,30 cm<\/p>\n","protected":false},"excerpt":{"rendered":"<p>Spellbinders Etched Dies &#8211; Christmas Tree<\/p>\n","protected":false},"featured_media":33835,"template":"","meta":{"_acf_changed":false},"product_brand":[],"product_cat":[252,195],"product_tag":[],"class_list":{"0":"post-33834","1":"product","2":"type-product","3":"status-publish","4":"has-post-thumbnail","6":"product_cat-herazz-nouveautes","7":"product_cat-shapeabilities-spellbinders-scrapbooking","8":"pa_brand_nc-spellbinders","10":"first","11":"instock","12":"taxable","13":"shipping-taxable","14":"purchasable","15":"product-type-simple"},"acf":[],"aioseo_notices":[],"_links":{"self":[{"href":"https:\/\/www.galerie-scrapbooking.com\/en\/wp-json\/wp\/v2\/product\/33834","targetHints":{"allow":["GET"]}}],"collection":[{"href":"https:\/\/www.galerie-scrapbooking.com\/en\/wp-json\/wp\/v2\/product"}],"about":[{"href":"https:\/\/www.galerie-scrapbooking.com\/en\/wp-json\/wp\/v2\/types\/product"}],"wp:featuredmedia":[{"embeddable":true,"href":"https:\/\/www.galerie-scrapbooking.com\/en\/wp-json\/wp\/v2\/media\/33835"}],"wp:attachment":[{"href":"https:\/\/www.galerie-scrapbooking.com\/en\/wp-json\/wp\/v2\/media?parent=33834"}],"wp:term":[{"taxonomy":"product_brand","embeddable":true,"href":"https:\/\/www.galerie-scrapbooking.com\/en\/wp-json\/wp\/v2\/product_brand?post=33834"},{"taxonomy":"product_cat","embeddable":true,"href":"https:\/\/www.galerie-scrapbooking.com\/en\/wp-json\/wp\/v2\/product_cat?post=33834"},{"taxonomy":"product_tag","embeddable":true,"href":"https:\/\/www.galerie-scrapbooking.com\/en\/wp-json\/wp\/v2\/product_tag?post=33834"}],"curies":[{"name":"wp","href":"https:\/\/api.w.org\/{rel}","templated":true}]}}