{"id":33823,"date":"2024-10-31T08:59:26","date_gmt":"2024-10-31T12:59:26","guid":{"rendered":"https:\/\/www.galerie-scrapbooking.com\/?post_type=product&#038;p=33823"},"modified":"2025-09-17T10:34:16","modified_gmt":"2025-09-17T14:34:16","slug":"poudre-embossage-lilas-perlee","status":"publish","type":"product","link":"https:\/\/www.galerie-scrapbooking.com\/en\/produit\/poudre-embossage-lilas-perlee\/","title":{"rendered":"Poudre embossage Lilas Perl\u00e9e"},"content":{"rendered":"<h1>Poudre embossage Lilas Perl\u00e9e<\/h1>\n<p>Ajoutez de la couleur, de la dimension et de la texture \u00e0 vos projets de cr\u00e9ation en papier, de techniques mixtes et de lettrage \u00e0 la main avec la poudre \u00e0 embosser Ranger.<\/p>\n<p>Disponible dans une large gamme de couleurs.<\/p>\n<p>Pot de 1 once<\/p>\n","protected":false},"excerpt":{"rendered":"<p>Ranger Embossing Powder Lilac Pearl<\/p>\n","protected":false},"featured_media":33824,"template":"","meta":{"_acf_changed":false},"product_brand":[],"product_cat":[252,112,308],"product_tag":[],"class_list":{"0":"post-33823","1":"product","2":"type-product","3":"status-publish","4":"has-post-thumbnail","6":"product_cat-herazz-nouveautes","7":"product_cat-poudre-embossage","8":"product_cat-poudre-embossage-ranger","9":"pa_brand_nc-ranger","11":"first","12":"instock","13":"taxable","14":"shipping-taxable","15":"purchasable","16":"product-type-simple"},"acf":[],"aioseo_notices":[],"_links":{"self":[{"href":"https:\/\/www.galerie-scrapbooking.com\/en\/wp-json\/wp\/v2\/product\/33823","targetHints":{"allow":["GET"]}}],"collection":[{"href":"https:\/\/www.galerie-scrapbooking.com\/en\/wp-json\/wp\/v2\/product"}],"about":[{"href":"https:\/\/www.galerie-scrapbooking.com\/en\/wp-json\/wp\/v2\/types\/product"}],"wp:featuredmedia":[{"embeddable":true,"href":"https:\/\/www.galerie-scrapbooking.com\/en\/wp-json\/wp\/v2\/media\/33824"}],"wp:attachment":[{"href":"https:\/\/www.galerie-scrapbooking.com\/en\/wp-json\/wp\/v2\/media?parent=33823"}],"wp:term":[{"taxonomy":"product_brand","embeddable":true,"href":"https:\/\/www.galerie-scrapbooking.com\/en\/wp-json\/wp\/v2\/product_brand?post=33823"},{"taxonomy":"product_cat","embeddable":true,"href":"https:\/\/www.galerie-scrapbooking.com\/en\/wp-json\/wp\/v2\/product_cat?post=33823"},{"taxonomy":"product_tag","embeddable":true,"href":"https:\/\/www.galerie-scrapbooking.com\/en\/wp-json\/wp\/v2\/product_tag?post=33823"}],"curies":[{"name":"wp","href":"https:\/\/api.w.org\/{rel}","templated":true}]}}