{"id":33759,"date":"2024-10-24T09:16:31","date_gmt":"2024-10-24T13:16:31","guid":{"rendered":"https:\/\/www.galerie-scrapbooking.com\/?post_type=product&#038;p=33759"},"modified":"2025-01-09T08:48:17","modified_gmt":"2025-01-09T13:48:17","slug":"creative-expressions-art-effex-noel","status":"publish","type":"product","link":"https:\/\/www.galerie-scrapbooking.com\/en\/produit\/creative-expressions-art-effex-noel\/","title":{"rendered":"Creative Expressions Art-Effex Noel"},"content":{"rendered":"<p>Les planches Art-Effex sont des pi\u00e8ces en MDF qui peuvent \u00eatre rehauss\u00e9es avec des m\u00e9diums de coloration, pour embellir les projets de carterie, de scrapbooking et de techniques mixtes m\u00e9dia.<\/p>\n<p>Le panneau ext\u00e9rieur peut \u00e9galement servir de pochoir.<\/p>\n<p>Taille : 2,4 x 1,25 pouces.<\/p>\n","protected":false},"excerpt":{"rendered":"<p>Creative Expressions Art-Effex Noel<\/p>\n","protected":false},"featured_media":33760,"template":"","meta":{"_acf_changed":false},"product_brand":[],"product_cat":[221,252],"product_tag":[],"class_list":{"0":"post-33759","1":"product","2":"type-product","3":"status-publish","4":"has-post-thumbnail","6":"product_cat-embellissement-bois","7":"product_cat-herazz-nouveautes","8":"pa_brand_nc-creative-expressions","10":"first","11":"instock","12":"taxable","13":"shipping-taxable","14":"purchasable","15":"product-type-simple"},"acf":[],"aioseo_notices":[],"_links":{"self":[{"href":"https:\/\/www.galerie-scrapbooking.com\/en\/wp-json\/wp\/v2\/product\/33759","targetHints":{"allow":["GET"]}}],"collection":[{"href":"https:\/\/www.galerie-scrapbooking.com\/en\/wp-json\/wp\/v2\/product"}],"about":[{"href":"https:\/\/www.galerie-scrapbooking.com\/en\/wp-json\/wp\/v2\/types\/product"}],"wp:featuredmedia":[{"embeddable":true,"href":"https:\/\/www.galerie-scrapbooking.com\/en\/wp-json\/wp\/v2\/media\/33760"}],"wp:attachment":[{"href":"https:\/\/www.galerie-scrapbooking.com\/en\/wp-json\/wp\/v2\/media?parent=33759"}],"wp:term":[{"taxonomy":"product_brand","embeddable":true,"href":"https:\/\/www.galerie-scrapbooking.com\/en\/wp-json\/wp\/v2\/product_brand?post=33759"},{"taxonomy":"product_cat","embeddable":true,"href":"https:\/\/www.galerie-scrapbooking.com\/en\/wp-json\/wp\/v2\/product_cat?post=33759"},{"taxonomy":"product_tag","embeddable":true,"href":"https:\/\/www.galerie-scrapbooking.com\/en\/wp-json\/wp\/v2\/product_tag?post=33759"}],"curies":[{"name":"wp","href":"https:\/\/api.w.org\/{rel}","templated":true}]}}