{"id":33751,"date":"2024-10-24T09:16:31","date_gmt":"2024-10-24T13:16:31","guid":{"rendered":"https:\/\/www.galerie-scrapbooking.com\/?post_type=product&#038;p=33751"},"modified":"2025-01-09T08:48:15","modified_gmt":"2025-01-09T13:48:15","slug":"sizzix-sidekick-side-order-thinlits-die-set-noel","status":"publish","type":"product","link":"https:\/\/www.galerie-scrapbooking.com\/en\/produit\/sizzix-sidekick-side-order-thinlits-die-set-noel\/","title":{"rendered":"Sizzix Sidekick Side-Order Thinlits Die Set &#8211; No\u00ebl"},"content":{"rendered":"<p>Sizzix Sidekick Side-Order Set &#8211; pour vos projets de scrapbooking. Id\u00e9al pour vos \u00e9tiquettes ou cartes de scrapbooking.<\/p>\n<p>Fonctionnent avec la\u00a0 Sizzix Sidekick, Big Shot, Platinum, Grand Calibur Etc.<\/p>\n<p>5 matrices.<\/p>\n<p>1 plaque d&#8217;embossage<\/p>\n","protected":false},"excerpt":{"rendered":"<p>Sizzix Sidekick Side-Order Thinlits Set &#8211; Christmas<\/p>\n","protected":false},"featured_media":33752,"template":"","meta":{"_acf_changed":false},"product_brand":[],"product_cat":[312,252,87,255],"product_tag":[],"class_list":{"0":"post-33751","1":"product","2":"type-product","3":"status-publish","4":"has-post-thumbnail","6":"product_cat-sizzix-sidekick-dies","7":"product_cat-herazz-nouveautes","8":"product_cat-sizzix","9":"product_cat-matrices-thinlits-framelits-sizzix","10":"pa_brand_nc-sizzix","12":"first","13":"instock","14":"taxable","15":"shipping-taxable","16":"purchasable","17":"product-type-simple"},"acf":[],"aioseo_notices":[],"_links":{"self":[{"href":"https:\/\/www.galerie-scrapbooking.com\/en\/wp-json\/wp\/v2\/product\/33751","targetHints":{"allow":["GET"]}}],"collection":[{"href":"https:\/\/www.galerie-scrapbooking.com\/en\/wp-json\/wp\/v2\/product"}],"about":[{"href":"https:\/\/www.galerie-scrapbooking.com\/en\/wp-json\/wp\/v2\/types\/product"}],"wp:featuredmedia":[{"embeddable":true,"href":"https:\/\/www.galerie-scrapbooking.com\/en\/wp-json\/wp\/v2\/media\/33752"}],"wp:attachment":[{"href":"https:\/\/www.galerie-scrapbooking.com\/en\/wp-json\/wp\/v2\/media?parent=33751"}],"wp:term":[{"taxonomy":"product_brand","embeddable":true,"href":"https:\/\/www.galerie-scrapbooking.com\/en\/wp-json\/wp\/v2\/product_brand?post=33751"},{"taxonomy":"product_cat","embeddable":true,"href":"https:\/\/www.galerie-scrapbooking.com\/en\/wp-json\/wp\/v2\/product_cat?post=33751"},{"taxonomy":"product_tag","embeddable":true,"href":"https:\/\/www.galerie-scrapbooking.com\/en\/wp-json\/wp\/v2\/product_tag?post=33751"}],"curies":[{"name":"wp","href":"https:\/\/api.w.org\/{rel}","templated":true}]}}