{"id":33743,"date":"2024-10-24T09:16:31","date_gmt":"2024-10-24T13:16:31","guid":{"rendered":"https:\/\/www.galerie-scrapbooking.com\/?post_type=product&#038;p=33743"},"modified":"2026-01-12T23:03:30","modified_gmt":"2026-01-13T04:03:30","slug":"buttons-galore-embellissements-joyeux-bonhommes-de-neige","status":"publish","type":"product","link":"https:\/\/www.galerie-scrapbooking.com\/en\/produit\/buttons-galore-embellissements-joyeux-bonhommes-de-neige\/","title":{"rendered":"Buttons Galore Embellissements Joyeux Bonhommes de Neige"},"content":{"rendered":"<p>Cet ensemble d&#8217;embellissements artisanaux \u00e0 dos plat de Buttons Galore and More est parfait pour ajouter une touche de gaiet\u00e9 \u00e0 vos travaux manuels.<\/p>\n<p>5 embellissements par paquet<\/p>\n","protected":false},"excerpt":{"rendered":"<p>Buttons Galore Embellishments &#8211; Jolly Snowmen<\/p>\n","protected":false},"featured_media":33744,"template":"","meta":{"_acf_changed":false},"product_brand":[],"product_cat":[210,252],"product_tag":[],"class_list":{"0":"post-33743","1":"product","2":"type-product","3":"status-publish","4":"has-post-thumbnail","6":"product_cat-buttons-galore-theme","7":"product_cat-herazz-nouveautes","8":"pa_brand_nc-buttons-galore","10":"first","11":"instock","12":"taxable","13":"shipping-taxable","14":"purchasable","15":"product-type-simple"},"acf":[],"aioseo_notices":[],"_links":{"self":[{"href":"https:\/\/www.galerie-scrapbooking.com\/en\/wp-json\/wp\/v2\/product\/33743","targetHints":{"allow":["GET"]}}],"collection":[{"href":"https:\/\/www.galerie-scrapbooking.com\/en\/wp-json\/wp\/v2\/product"}],"about":[{"href":"https:\/\/www.galerie-scrapbooking.com\/en\/wp-json\/wp\/v2\/types\/product"}],"wp:featuredmedia":[{"embeddable":true,"href":"https:\/\/www.galerie-scrapbooking.com\/en\/wp-json\/wp\/v2\/media\/33744"}],"wp:attachment":[{"href":"https:\/\/www.galerie-scrapbooking.com\/en\/wp-json\/wp\/v2\/media?parent=33743"}],"wp:term":[{"taxonomy":"product_brand","embeddable":true,"href":"https:\/\/www.galerie-scrapbooking.com\/en\/wp-json\/wp\/v2\/product_brand?post=33743"},{"taxonomy":"product_cat","embeddable":true,"href":"https:\/\/www.galerie-scrapbooking.com\/en\/wp-json\/wp\/v2\/product_cat?post=33743"},{"taxonomy":"product_tag","embeddable":true,"href":"https:\/\/www.galerie-scrapbooking.com\/en\/wp-json\/wp\/v2\/product_tag?post=33743"}],"curies":[{"name":"wp","href":"https:\/\/api.w.org\/{rel}","templated":true}]}}