{"id":33691,"date":"2024-10-10T08:05:09","date_gmt":"2024-10-10T12:05:09","guid":{"rendered":"https:\/\/www.galerie-scrapbooking.com\/?post_type=product&#038;p=33691"},"modified":"2025-01-20T21:30:25","modified_gmt":"2025-01-21T02:30:25","slug":"elizabeth-craft-die-feuillage-dautomne","status":"publish","type":"product","link":"https:\/\/www.galerie-scrapbooking.com\/en\/produit\/elizabeth-craft-die-feuillage-dautomne\/","title":{"rendered":"Elizabeth Craft Die Feuillage d&#8217;Automne"},"content":{"rendered":"<p>Les matrices sont parfaites pour les cartes, les albums, les journaux, les cartes cadeaux, les signets et plus encore.<\/p>\n<p>D\u00e9coupez simplement les formes et d\u00e9corez de votre mani\u00e8re pr\u00e9f\u00e9r\u00e9e. Vous pouvez les utiliser pour mettre en valeur d&#8217;autres d\u00e9coupes, ou d\u00e9corer avec des peintures, poudres, papier de riz, tampons, pochoirs.<\/p>\n<p>La seule limite est votre imagination. Utilisez la matrice d\u00e9coup\u00e9e seule sur un projet ou m\u00e9langez-la avec d&#8217;autres matrices. Ils sont compatibles avec la plupart des principales machines de d\u00e9coupe.<\/p>\n<p>Plus grande taille de matrice : 2.2&#8243; x 3.7&#8243; (5.6 x 9.5 cm)<\/p>\n<p>Ce paquet contient 5 matrices.<\/p>\n","protected":false},"excerpt":{"rendered":"<p>Elizabeth Craft Metal Die &#8211; Autumn Foliage<\/p>\n","protected":false},"featured_media":33688,"template":"","meta":{"_acf_changed":false},"product_brand":[],"product_cat":[235,252],"product_tag":[],"class_list":{"0":"post-33691","1":"product","2":"type-product","3":"status-publish","4":"has-post-thumbnail","6":"product_cat-elizabeth-craft-matrices-decoupes-dies-scrapbooking","7":"product_cat-herazz-nouveautes","8":"pa_brand_nc-elizabeth-craft-designs","10":"first","11":"instock","12":"taxable","13":"shipping-taxable","14":"purchasable","15":"product-type-simple"},"acf":[],"aioseo_notices":[],"_links":{"self":[{"href":"https:\/\/www.galerie-scrapbooking.com\/en\/wp-json\/wp\/v2\/product\/33691","targetHints":{"allow":["GET"]}}],"collection":[{"href":"https:\/\/www.galerie-scrapbooking.com\/en\/wp-json\/wp\/v2\/product"}],"about":[{"href":"https:\/\/www.galerie-scrapbooking.com\/en\/wp-json\/wp\/v2\/types\/product"}],"wp:featuredmedia":[{"embeddable":true,"href":"https:\/\/www.galerie-scrapbooking.com\/en\/wp-json\/wp\/v2\/media\/33688"}],"wp:attachment":[{"href":"https:\/\/www.galerie-scrapbooking.com\/en\/wp-json\/wp\/v2\/media?parent=33691"}],"wp:term":[{"taxonomy":"product_brand","embeddable":true,"href":"https:\/\/www.galerie-scrapbooking.com\/en\/wp-json\/wp\/v2\/product_brand?post=33691"},{"taxonomy":"product_cat","embeddable":true,"href":"https:\/\/www.galerie-scrapbooking.com\/en\/wp-json\/wp\/v2\/product_cat?post=33691"},{"taxonomy":"product_tag","embeddable":true,"href":"https:\/\/www.galerie-scrapbooking.com\/en\/wp-json\/wp\/v2\/product_tag?post=33691"}],"curies":[{"name":"wp","href":"https:\/\/api.w.org\/{rel}","templated":true}]}}