{"id":33655,"date":"2024-10-10T08:05:10","date_gmt":"2024-10-10T12:05:10","guid":{"rendered":"https:\/\/www.galerie-scrapbooking.com\/?post_type=product&#038;p=33655"},"modified":"2025-01-09T08:48:46","modified_gmt":"2025-01-09T13:48:46","slug":"crafters-companion-etampes-et-matrice-de-coupe-rennes","status":"publish","type":"product","link":"https:\/\/www.galerie-scrapbooking.com\/en\/produit\/crafters-companion-etampes-et-matrice-de-coupe-rennes\/","title":{"rendered":"Crafter&#8217;s Companion \u00c9tampes et Matrice de coupe Rennes"},"content":{"rendered":"<p>Envoyez vos v\u0153ux avec style en utilisant nos ensembles d&#8217;\u00e9tampes et de matrices d&#8217;embellissement de personnages mignons.<\/p>\n<p>Les matrices ont \u00e9t\u00e9 con\u00e7ues de mani\u00e8re \u00e0 pouvoir d\u00e9couper tout le bord de l&#8217;embellissement de l&#8217;\u00e9tampe pour permettre de superposer et d&#8217;ajouter d&#8217;adorables d\u00e9clarations \u00e0 vos cartes.<\/p>\n<p>Grandeurs approximatives:<\/p>\n<p>Plus grande taille de matrice : 4,1&#8243; x 1,7&#8243;, plus grande taille d&#8217;\u00e9tampe : 4&#8243; x 1,6&#8243;<\/p>\n","protected":false},"excerpt":{"rendered":"<p>Crafter&#8217;s Companion Stamp &amp; Dies &#8211; Reindeers<\/p>\n","protected":false},"featured_media":33656,"template":"","meta":{"_acf_changed":false},"product_brand":[],"product_cat":[121,182,252],"product_tag":[],"class_list":{"0":"post-33655","1":"product","2":"type-product","3":"status-publish","4":"has-post-thumbnail","6":"product_cat-etampe-scrapbooking-autre","7":"product_cat-decoupes-autres-scrapbooking","8":"product_cat-herazz-nouveautes","9":"pa_brand_nc-crafters-companion","11":"first","12":"instock","13":"taxable","14":"shipping-taxable","15":"purchasable","16":"product-type-simple"},"acf":[],"aioseo_notices":[],"_links":{"self":[{"href":"https:\/\/www.galerie-scrapbooking.com\/en\/wp-json\/wp\/v2\/product\/33655","targetHints":{"allow":["GET"]}}],"collection":[{"href":"https:\/\/www.galerie-scrapbooking.com\/en\/wp-json\/wp\/v2\/product"}],"about":[{"href":"https:\/\/www.galerie-scrapbooking.com\/en\/wp-json\/wp\/v2\/types\/product"}],"wp:featuredmedia":[{"embeddable":true,"href":"https:\/\/www.galerie-scrapbooking.com\/en\/wp-json\/wp\/v2\/media\/33656"}],"wp:attachment":[{"href":"https:\/\/www.galerie-scrapbooking.com\/en\/wp-json\/wp\/v2\/media?parent=33655"}],"wp:term":[{"taxonomy":"product_brand","embeddable":true,"href":"https:\/\/www.galerie-scrapbooking.com\/en\/wp-json\/wp\/v2\/product_brand?post=33655"},{"taxonomy":"product_cat","embeddable":true,"href":"https:\/\/www.galerie-scrapbooking.com\/en\/wp-json\/wp\/v2\/product_cat?post=33655"},{"taxonomy":"product_tag","embeddable":true,"href":"https:\/\/www.galerie-scrapbooking.com\/en\/wp-json\/wp\/v2\/product_tag?post=33655"}],"curies":[{"name":"wp","href":"https:\/\/api.w.org\/{rel}","templated":true}]}}