{"id":33524,"date":"2024-09-26T08:36:29","date_gmt":"2024-09-26T12:36:29","guid":{"rendered":"https:\/\/www.galerie-scrapbooking.com\/?post_type=product&#038;p=33524"},"modified":"2025-11-13T13:03:59","modified_gmt":"2025-11-13T18:03:59","slug":"echo-park-collection-12-x-12-joie-de-noel","status":"publish","type":"product","link":"https:\/\/www.galerie-scrapbooking.com\/en\/produit\/echo-park-collection-12-x-12-joie-de-noel\/","title":{"rendered":"Echo Park Collection 12&#8243; X 12&#8243; Joie de No\u00ebl"},"content":{"rendered":"<p>Commencez votre projet du bon pied avec le papier parfait pour les pages de scrapbooking, les cartes de souhaits, les signets, les cartes-cadeaux, les supports mixtes et bien plus encore !<\/p>\n<p>Ce paquet contient la collection Echo Park &#8211; Joie de No\u00ebl, 12 papiers \u00e0 motifs double face 12 x 12 pouces et une feuille d&#8217;autocollants cartonn\u00e9s<\/p>\n","protected":false},"excerpt":{"rendered":"<p>Echo Park Collection Kit 12&#8243;X12&#8243; &#8211; Christmas Joy<\/p>\n","protected":false},"featured_media":33525,"template":"","meta":{"_acf_changed":false},"product_brand":[],"product_cat":[141,252],"product_tag":[],"class_list":{"0":"post-33524","1":"product","2":"type-product","3":"status-publish","4":"has-post-thumbnail","6":"product_cat-ensemble-papier-scrapbooking","7":"product_cat-herazz-nouveautes","8":"pa_brand_nc-echo-park-paper","10":"first","11":"outofstock","12":"taxable","13":"shipping-taxable","14":"purchasable","15":"product-type-simple"},"acf":[],"aioseo_notices":[],"_links":{"self":[{"href":"https:\/\/www.galerie-scrapbooking.com\/en\/wp-json\/wp\/v2\/product\/33524","targetHints":{"allow":["GET"]}}],"collection":[{"href":"https:\/\/www.galerie-scrapbooking.com\/en\/wp-json\/wp\/v2\/product"}],"about":[{"href":"https:\/\/www.galerie-scrapbooking.com\/en\/wp-json\/wp\/v2\/types\/product"}],"wp:featuredmedia":[{"embeddable":true,"href":"https:\/\/www.galerie-scrapbooking.com\/en\/wp-json\/wp\/v2\/media\/33525"}],"wp:attachment":[{"href":"https:\/\/www.galerie-scrapbooking.com\/en\/wp-json\/wp\/v2\/media?parent=33524"}],"wp:term":[{"taxonomy":"product_brand","embeddable":true,"href":"https:\/\/www.galerie-scrapbooking.com\/en\/wp-json\/wp\/v2\/product_brand?post=33524"},{"taxonomy":"product_cat","embeddable":true,"href":"https:\/\/www.galerie-scrapbooking.com\/en\/wp-json\/wp\/v2\/product_cat?post=33524"},{"taxonomy":"product_tag","embeddable":true,"href":"https:\/\/www.galerie-scrapbooking.com\/en\/wp-json\/wp\/v2\/product_tag?post=33524"}],"curies":[{"name":"wp","href":"https:\/\/api.w.org\/{rel}","templated":true}]}}