{"id":33507,"date":"2024-09-19T08:42:14","date_gmt":"2024-09-19T12:42:14","guid":{"rendered":"https:\/\/www.galerie-scrapbooking.com\/?post_type=product&#038;p=33507"},"modified":"2024-11-30T11:03:56","modified_gmt":"2024-11-30T16:03:56","slug":"sizzix-plaque-embossage-3d-branches-de-pins","status":"publish","type":"product","link":"https:\/\/www.galerie-scrapbooking.com\/en\/produit\/sizzix-plaque-embossage-3d-branches-de-pins\/","title":{"rendered":"Sizzix Plaque embossage 3D Branches de Pins"},"content":{"rendered":"<p>Introduisez la beaut\u00e9 \u00e0 couper le souffle de la nature dans votre monde cr\u00e9atif avec cette plaque d&#8217;embossage.<\/p>\n<p>Apportant une touche de merveilles foresti\u00e8res \u00e0 vos projets, ce dossier au format A5 ajoute une profondeur et une dimension incroyables \u00e0 vos cr\u00e9ations, cr\u00e9ant une toile de fond \u00e9poustouflante pour vos efforts artistiques.<\/p>\n<p>\u00c9levez votre exp\u00e9rience artisanale et laissez votre imagination prendre racine au c\u0153ur de la for\u00eat.<\/p>\n<p>Fonctionnent avec la Switch, Cuttlebug, Big Shot, Vagabond, Platinum, Grand Calibur, Etc.<\/p>\n<p>Dimensions approximatives:<\/p>\n<p>6&#8243; x 8.5&#8243;<\/p>\n","protected":false},"excerpt":{"rendered":"<p>Sizzix 3D Textured Embossing Folder &#8211; Pines<\/p>\n","protected":false},"featured_media":33508,"template":"","meta":{"_acf_changed":false},"product_brand":[],"product_cat":[202,252,203],"product_tag":[],"class_list":{"0":"post-33507","1":"product","2":"type-product","3":"status-publish","4":"has-post-thumbnail","6":"product_cat-plaques-embossage","7":"product_cat-herazz-nouveautes","8":"product_cat-embossage-sizzix-timholtz","9":"pa_brand_nc-sizzix","11":"first","12":"instock","13":"taxable","14":"shipping-taxable","15":"purchasable","16":"product-type-simple"},"acf":[],"aioseo_notices":[],"_links":{"self":[{"href":"https:\/\/www.galerie-scrapbooking.com\/en\/wp-json\/wp\/v2\/product\/33507","targetHints":{"allow":["GET"]}}],"collection":[{"href":"https:\/\/www.galerie-scrapbooking.com\/en\/wp-json\/wp\/v2\/product"}],"about":[{"href":"https:\/\/www.galerie-scrapbooking.com\/en\/wp-json\/wp\/v2\/types\/product"}],"wp:featuredmedia":[{"embeddable":true,"href":"https:\/\/www.galerie-scrapbooking.com\/en\/wp-json\/wp\/v2\/media\/33508"}],"wp:attachment":[{"href":"https:\/\/www.galerie-scrapbooking.com\/en\/wp-json\/wp\/v2\/media?parent=33507"}],"wp:term":[{"taxonomy":"product_brand","embeddable":true,"href":"https:\/\/www.galerie-scrapbooking.com\/en\/wp-json\/wp\/v2\/product_brand?post=33507"},{"taxonomy":"product_cat","embeddable":true,"href":"https:\/\/www.galerie-scrapbooking.com\/en\/wp-json\/wp\/v2\/product_cat?post=33507"},{"taxonomy":"product_tag","embeddable":true,"href":"https:\/\/www.galerie-scrapbooking.com\/en\/wp-json\/wp\/v2\/product_tag?post=33507"}],"curies":[{"name":"wp","href":"https:\/\/api.w.org\/{rel}","templated":true}]}}