{"id":33501,"date":"2024-09-19T08:42:14","date_gmt":"2024-09-19T12:42:14","guid":{"rendered":"https:\/\/www.galerie-scrapbooking.com\/?post_type=product&#038;p=33501"},"modified":"2025-01-09T08:49:24","modified_gmt":"2025-01-09T13:49:24","slug":"buttons-galore-pieces-pour-skaker-fantaisie-hivernale","status":"publish","type":"product","link":"https:\/\/www.galerie-scrapbooking.com\/en\/produit\/buttons-galore-pieces-pour-skaker-fantaisie-hivernale\/","title":{"rendered":"Buttons Galore pi\u00e8ces pour Skaker Fantaisie hivernale"},"content":{"rendered":"<p>Petits embellissements en p\u00e2te polym\u00e8re pour l&#8217;artisanat.<\/p>\n<p>Collez sur presque toutes les surfaces ou utilisez-les pour shaker.<\/p>\n<p>Ce paquet de 2,5 x 3,5 pouces contient 12 g d&#8217;assortiments d&#8217;embellissements.<\/p>\n","protected":false},"excerpt":{"rendered":"<p>Buttons Galore Sprinkletz Embellishments 12g &#8211; Winter Whimsey<\/p>\n","protected":false},"featured_media":33502,"template":"","meta":{"_acf_changed":false},"product_brand":[],"product_cat":[252,380],"product_tag":[],"class_list":{"0":"post-33501","1":"product","2":"type-product","3":"status-publish","4":"has-post-thumbnail","6":"product_cat-herazz-nouveautes","7":"product_cat-shaker-box","8":"pa_brand_nc-buttons-galore","10":"first","11":"instock","12":"taxable","13":"shipping-taxable","14":"purchasable","15":"product-type-simple"},"acf":[],"aioseo_notices":[],"_links":{"self":[{"href":"https:\/\/www.galerie-scrapbooking.com\/en\/wp-json\/wp\/v2\/product\/33501","targetHints":{"allow":["GET"]}}],"collection":[{"href":"https:\/\/www.galerie-scrapbooking.com\/en\/wp-json\/wp\/v2\/product"}],"about":[{"href":"https:\/\/www.galerie-scrapbooking.com\/en\/wp-json\/wp\/v2\/types\/product"}],"wp:featuredmedia":[{"embeddable":true,"href":"https:\/\/www.galerie-scrapbooking.com\/en\/wp-json\/wp\/v2\/media\/33502"}],"wp:attachment":[{"href":"https:\/\/www.galerie-scrapbooking.com\/en\/wp-json\/wp\/v2\/media?parent=33501"}],"wp:term":[{"taxonomy":"product_brand","embeddable":true,"href":"https:\/\/www.galerie-scrapbooking.com\/en\/wp-json\/wp\/v2\/product_brand?post=33501"},{"taxonomy":"product_cat","embeddable":true,"href":"https:\/\/www.galerie-scrapbooking.com\/en\/wp-json\/wp\/v2\/product_cat?post=33501"},{"taxonomy":"product_tag","embeddable":true,"href":"https:\/\/www.galerie-scrapbooking.com\/en\/wp-json\/wp\/v2\/product_tag?post=33501"}],"curies":[{"name":"wp","href":"https:\/\/api.w.org\/{rel}","templated":true}]}}