{"id":33453,"date":"2024-09-12T08:56:22","date_gmt":"2024-09-12T12:56:22","guid":{"rendered":"https:\/\/www.galerie-scrapbooking.com\/?post_type=product&#038;p=33453"},"modified":"2025-11-03T13:13:28","modified_gmt":"2025-11-03T18:13:28","slug":"lavinia-etampe-bouchons-de-liege","status":"publish","type":"product","link":"https:\/\/www.galerie-scrapbooking.com\/en\/produit\/lavinia-etampe-bouchons-de-liege\/","title":{"rendered":"Lavinia \u00c9tampe Bouchons de Li\u00e8ge"},"content":{"rendered":"<h1>Lavinia \u00c9tampe Bouchons de Li\u00e8ge<\/h1>\n<p>Un lot de 3 \u00e9tampes qui s&#8217;adaptent parfaitement aux bouteilles dans les sets de stencils autocollants 6 et 7.<\/p>\n<p>Pr\u00e9sentant trois illustrations de diff\u00e9rents styles de bouchons. Vous pouvez faire de votre flacon un parfum, une potion ou m\u00eame un message dans un flacon avec ceux-ci !<\/p>\n<p>Dimension approximative:<\/p>\n<p>8cm x 3cm, 3cm x 4cm et 3cm x 4cm<\/p>\n","protected":false},"excerpt":{"rendered":"<p>Lavinia Stamp &#8211; Cork<\/p>\n","protected":false},"featured_media":33454,"template":"","meta":{"_acf_changed":false},"product_brand":[],"product_cat":[342,2226],"product_tag":[],"class_list":{"0":"post-33453","1":"product","2":"type-product","3":"status-publish","4":"has-post-thumbnail","6":"product_cat-etampes-lavinia","7":"product_cat-objets","8":"pa_brand_nc-lavinia","10":"first","11":"instock","12":"taxable","13":"shipping-taxable","14":"purchasable","15":"product-type-simple"},"acf":[],"aioseo_notices":[],"_links":{"self":[{"href":"https:\/\/www.galerie-scrapbooking.com\/en\/wp-json\/wp\/v2\/product\/33453","targetHints":{"allow":["GET"]}}],"collection":[{"href":"https:\/\/www.galerie-scrapbooking.com\/en\/wp-json\/wp\/v2\/product"}],"about":[{"href":"https:\/\/www.galerie-scrapbooking.com\/en\/wp-json\/wp\/v2\/types\/product"}],"wp:featuredmedia":[{"embeddable":true,"href":"https:\/\/www.galerie-scrapbooking.com\/en\/wp-json\/wp\/v2\/media\/33454"}],"wp:attachment":[{"href":"https:\/\/www.galerie-scrapbooking.com\/en\/wp-json\/wp\/v2\/media?parent=33453"}],"wp:term":[{"taxonomy":"product_brand","embeddable":true,"href":"https:\/\/www.galerie-scrapbooking.com\/en\/wp-json\/wp\/v2\/product_brand?post=33453"},{"taxonomy":"product_cat","embeddable":true,"href":"https:\/\/www.galerie-scrapbooking.com\/en\/wp-json\/wp\/v2\/product_cat?post=33453"},{"taxonomy":"product_tag","embeddable":true,"href":"https:\/\/www.galerie-scrapbooking.com\/en\/wp-json\/wp\/v2\/product_tag?post=33453"}],"curies":[{"name":"wp","href":"https:\/\/api.w.org\/{rel}","templated":true}]}}