{"id":33439,"date":"2024-09-12T09:05:47","date_gmt":"2024-09-12T13:05:47","guid":{"rendered":"https:\/\/www.galerie-scrapbooking.com\/?post_type=product&#038;p=33439"},"modified":"2026-04-16T08:09:22","modified_gmt":"2026-04-16T12:09:22","slug":"lavinia-etampe-arbre-des-esprits-petit","status":"publish","type":"product","link":"https:\/\/www.galerie-scrapbooking.com\/en\/produit\/lavinia-etampe-arbre-des-esprits-petit\/","title":{"rendered":"Lavinia \u00c9tampe Arbre des Esprits petit"},"content":{"rendered":"<p>Une silhouette individuelle d&#8217;un arbre aux branches angulaires h\u00e9riss\u00e9es. Disponible en deux tailles, c&#8217;est la plus petite \u00e9tampe.<\/p>\n<p>Cette \u00e9tampe est parfaite pour cr\u00e9er une for\u00eat atmosph\u00e9rique. Ajoutez-le \u00e0 d&#8217;autres arbres pour obtenir une limite foresti\u00e8re vari\u00e9e comme l&#8217;orme, le noisetier et l&#8217;arbre de r\u00eave.<\/p>\n<p>N\u00e9cessite l&#8217;utilisation d&#8217;un bloc acrylique.<\/p>\n<p>Dimension approximative: 3.3 x 5.0 cm.<\/p>\n","protected":false},"excerpt":{"rendered":"<p>Lavinia Stamp &#8211; Tree of Spirits small<\/p>\n","protected":false},"featured_media":33440,"template":"","meta":{"_acf_changed":false},"product_brand":[],"product_cat":[420,342,252],"product_tag":[],"class_list":{"0":"post-33439","1":"product","2":"type-product","3":"status-publish","4":"has-post-thumbnail","6":"product_cat-arbre-paysage","7":"product_cat-etampes-lavinia","8":"product_cat-herazz-nouveautes","9":"pa_brand_nc-lavinia","11":"first","12":"instock","13":"taxable","14":"shipping-taxable","15":"purchasable","16":"product-type-simple"},"acf":[],"aioseo_notices":[],"_links":{"self":[{"href":"https:\/\/www.galerie-scrapbooking.com\/en\/wp-json\/wp\/v2\/product\/33439","targetHints":{"allow":["GET"]}}],"collection":[{"href":"https:\/\/www.galerie-scrapbooking.com\/en\/wp-json\/wp\/v2\/product"}],"about":[{"href":"https:\/\/www.galerie-scrapbooking.com\/en\/wp-json\/wp\/v2\/types\/product"}],"wp:featuredmedia":[{"embeddable":true,"href":"https:\/\/www.galerie-scrapbooking.com\/en\/wp-json\/wp\/v2\/media\/33440"}],"wp:attachment":[{"href":"https:\/\/www.galerie-scrapbooking.com\/en\/wp-json\/wp\/v2\/media?parent=33439"}],"wp:term":[{"taxonomy":"product_brand","embeddable":true,"href":"https:\/\/www.galerie-scrapbooking.com\/en\/wp-json\/wp\/v2\/product_brand?post=33439"},{"taxonomy":"product_cat","embeddable":true,"href":"https:\/\/www.galerie-scrapbooking.com\/en\/wp-json\/wp\/v2\/product_cat?post=33439"},{"taxonomy":"product_tag","embeddable":true,"href":"https:\/\/www.galerie-scrapbooking.com\/en\/wp-json\/wp\/v2\/product_tag?post=33439"}],"curies":[{"name":"wp","href":"https:\/\/api.w.org\/{rel}","templated":true}]}}