{"id":33429,"date":"2024-09-12T09:05:47","date_gmt":"2024-09-12T13:05:47","guid":{"rendered":"https:\/\/www.galerie-scrapbooking.com\/?post_type=product&#038;p=33429"},"modified":"2025-12-26T12:12:19","modified_gmt":"2025-12-26T17:12:19","slug":"lavinia-etampe-chaudron-bouillonnant","status":"publish","type":"product","link":"https:\/\/www.galerie-scrapbooking.com\/en\/produit\/lavinia-etampe-chaudron-bouillonnant\/","title":{"rendered":"Lavinia \u00c9tampe Chaudron bouillonnant"},"content":{"rendered":"<p>Un ensemble de deux \u00e9tampes pr\u00e9sentant des illustrations d&#8217;un chaudron et de quelques bulles.<\/p>\n<p>Le chaudron noir robuste poss\u00e8de deux poign\u00e9es orn\u00e9es et un bol textur\u00e9. Le chaudron est accompagn\u00e9 d&#8217;un groupe de bulles de diff\u00e9rentes tailles.<\/p>\n<p>Ce sont les compagnons id\u00e9aux pour les sc\u00e8nes avec Willow la sorci\u00e8re, Assembl\u00e9e de la Lune bleue et Hocus et Pocus.<\/p>\n<p>N\u00e9cessite l&#8217;utilisation d&#8217;un bloc acrylique.<\/p>\n<p>Dimension approximative:<\/p>\n<p>2.7 x 2.0 &#8211; 1.0 x 1.1 cm.<\/p>\n","protected":false},"excerpt":{"rendered":"<p>Lavinia Stamp &#8211; Bubbling Cauldron<\/p>\n","protected":false},"featured_media":33430,"template":"","meta":{"_acf_changed":false},"product_brand":[],"product_cat":[342,424,252],"product_tag":[],"class_list":{"0":"post-33429","1":"product","2":"type-product","3":"status-publish","4":"has-post-thumbnail","6":"product_cat-etampes-lavinia","7":"product_cat-mystique-zen","8":"product_cat-herazz-nouveautes","9":"pa_brand_nc-lavinia","11":"first","12":"instock","13":"taxable","14":"shipping-taxable","15":"purchasable","16":"product-type-simple"},"acf":[],"aioseo_notices":[],"_links":{"self":[{"href":"https:\/\/www.galerie-scrapbooking.com\/en\/wp-json\/wp\/v2\/product\/33429","targetHints":{"allow":["GET"]}}],"collection":[{"href":"https:\/\/www.galerie-scrapbooking.com\/en\/wp-json\/wp\/v2\/product"}],"about":[{"href":"https:\/\/www.galerie-scrapbooking.com\/en\/wp-json\/wp\/v2\/types\/product"}],"wp:featuredmedia":[{"embeddable":true,"href":"https:\/\/www.galerie-scrapbooking.com\/en\/wp-json\/wp\/v2\/media\/33430"}],"wp:attachment":[{"href":"https:\/\/www.galerie-scrapbooking.com\/en\/wp-json\/wp\/v2\/media?parent=33429"}],"wp:term":[{"taxonomy":"product_brand","embeddable":true,"href":"https:\/\/www.galerie-scrapbooking.com\/en\/wp-json\/wp\/v2\/product_brand?post=33429"},{"taxonomy":"product_cat","embeddable":true,"href":"https:\/\/www.galerie-scrapbooking.com\/en\/wp-json\/wp\/v2\/product_cat?post=33429"},{"taxonomy":"product_tag","embeddable":true,"href":"https:\/\/www.galerie-scrapbooking.com\/en\/wp-json\/wp\/v2\/product_tag?post=33429"}],"curies":[{"name":"wp","href":"https:\/\/api.w.org\/{rel}","templated":true}]}}