{"id":33419,"date":"2024-09-12T09:05:47","date_gmt":"2024-09-12T13:05:47","guid":{"rendered":"https:\/\/www.galerie-scrapbooking.com\/?post_type=product&#038;p=33419"},"modified":"2024-12-22T12:01:23","modified_gmt":"2024-12-22T17:01:23","slug":"lavinia-etampe-marcie-la-sorciere","status":"publish","type":"product","link":"https:\/\/www.galerie-scrapbooking.com\/en\/produit\/lavinia-etampe-marcie-la-sorciere\/","title":{"rendered":"Lavinia \u00c9tampe Marcie la Sorci\u00e8re"},"content":{"rendered":"<p>Une \u00e9tampe de silhouette d&#8217;une sorci\u00e8re tenant un balais.<\/p>\n<p>Cette sorci\u00e8re mystique a de belles longues m\u00e8ches fluides avec des boucles. Sa robe a de jolis d\u00e9tails de toile d&#8217;araign\u00e9e sur les manches et les jupes. Son chapeau pointu a un large bord et une longue pointe torsad\u00e9e. Elle porte un grand balais.<\/p>\n<p>Cette sorci\u00e8re est parfaite pour les sc\u00e8nes avec la Brume magique, des \u00e9toiles ou des chats.<\/p>\n<p>N\u00e9cessite l&#8217;utilisation d&#8217;un bloc acrylique.<\/p>\n<p>Dimension approximative:<\/p>\n<p>6.0 x 10.0 cm.<\/p>\n","protected":false},"excerpt":{"rendered":"<p>Lavinia Stamp &#8211; Marcie<\/p>\n","protected":false},"featured_media":33420,"template":"","meta":{"_acf_changed":false},"product_brand":[],"product_cat":[422,342,252],"product_tag":[],"class_list":{"0":"post-33419","1":"product","2":"type-product","3":"status-publish","4":"has-post-thumbnail","6":"product_cat-fees","7":"product_cat-etampes-lavinia","8":"product_cat-herazz-nouveautes","9":"pa_brand_nc-lavinia","11":"first","12":"instock","13":"taxable","14":"shipping-taxable","15":"purchasable","16":"product-type-simple"},"acf":[],"aioseo_notices":[],"_links":{"self":[{"href":"https:\/\/www.galerie-scrapbooking.com\/en\/wp-json\/wp\/v2\/product\/33419","targetHints":{"allow":["GET"]}}],"collection":[{"href":"https:\/\/www.galerie-scrapbooking.com\/en\/wp-json\/wp\/v2\/product"}],"about":[{"href":"https:\/\/www.galerie-scrapbooking.com\/en\/wp-json\/wp\/v2\/types\/product"}],"wp:featuredmedia":[{"embeddable":true,"href":"https:\/\/www.galerie-scrapbooking.com\/en\/wp-json\/wp\/v2\/media\/33420"}],"wp:attachment":[{"href":"https:\/\/www.galerie-scrapbooking.com\/en\/wp-json\/wp\/v2\/media?parent=33419"}],"wp:term":[{"taxonomy":"product_brand","embeddable":true,"href":"https:\/\/www.galerie-scrapbooking.com\/en\/wp-json\/wp\/v2\/product_brand?post=33419"},{"taxonomy":"product_cat","embeddable":true,"href":"https:\/\/www.galerie-scrapbooking.com\/en\/wp-json\/wp\/v2\/product_cat?post=33419"},{"taxonomy":"product_tag","embeddable":true,"href":"https:\/\/www.galerie-scrapbooking.com\/en\/wp-json\/wp\/v2\/product_tag?post=33419"}],"curies":[{"name":"wp","href":"https:\/\/api.w.org\/{rel}","templated":true}]}}