{"id":33414,"date":"2024-09-12T09:05:47","date_gmt":"2024-09-12T13:05:47","guid":{"rendered":"https:\/\/www.galerie-scrapbooking.com\/?post_type=product&#038;p=33414"},"modified":"2024-10-23T14:07:44","modified_gmt":"2024-10-23T18:07:44","slug":"lavinia-etampe-hattie-la-sorciere","status":"publish","type":"product","link":"https:\/\/www.galerie-scrapbooking.com\/en\/produit\/lavinia-etampe-hattie-la-sorciere\/","title":{"rendered":"Lavinia \u00c9tampe Hattie la Sorci\u00e8re"},"content":{"rendered":"<p>Une \u00e9tampe de silhouette d&#8217;une sorci\u00e8re tenant une baguette magique.<\/p>\n<p>Cette sorci\u00e8re mystique a un beau chapeau pointu avec un haut fris\u00e9. Sa robe est ajust\u00e9e avec ses manches se terminant par une gamme de toiles d&#8217;araign\u00e9es. Ses jupes se terminent par de belles vrilles fris\u00e9es. Elle tient une baguette magique comme si elle \u00e9tait pr\u00eate \u00e0 lancer un sort.<\/p>\n<p>Cette sorci\u00e8re est parfaite pour les sc\u00e8nes avec la Brume magique, des \u00e9toiles ou des chats.<\/p>\n<p>N\u00e9cessite l&#8217;utilisation d&#8217;un bloc acrylique.<\/p>\n<p>Dimension approximative:<\/p>\n<p>6.0 x 10.0 cm.<\/p>\n","protected":false},"excerpt":{"rendered":"<p>Lavinia Stamp &#8211; Hattie<\/p>\n","protected":false},"featured_media":33415,"template":"","meta":{"_acf_changed":false},"product_brand":[],"product_cat":[422,342,252],"product_tag":[],"class_list":{"0":"post-33414","1":"product","2":"type-product","3":"status-publish","4":"has-post-thumbnail","6":"product_cat-fees","7":"product_cat-etampes-lavinia","8":"product_cat-herazz-nouveautes","9":"pa_brand_nc-lavinia","11":"first","12":"instock","13":"taxable","14":"shipping-taxable","15":"purchasable","16":"product-type-simple"},"acf":[],"aioseo_notices":[],"_links":{"self":[{"href":"https:\/\/www.galerie-scrapbooking.com\/en\/wp-json\/wp\/v2\/product\/33414","targetHints":{"allow":["GET"]}}],"collection":[{"href":"https:\/\/www.galerie-scrapbooking.com\/en\/wp-json\/wp\/v2\/product"}],"about":[{"href":"https:\/\/www.galerie-scrapbooking.com\/en\/wp-json\/wp\/v2\/types\/product"}],"wp:featuredmedia":[{"embeddable":true,"href":"https:\/\/www.galerie-scrapbooking.com\/en\/wp-json\/wp\/v2\/media\/33415"}],"wp:attachment":[{"href":"https:\/\/www.galerie-scrapbooking.com\/en\/wp-json\/wp\/v2\/media?parent=33414"}],"wp:term":[{"taxonomy":"product_brand","embeddable":true,"href":"https:\/\/www.galerie-scrapbooking.com\/en\/wp-json\/wp\/v2\/product_brand?post=33414"},{"taxonomy":"product_cat","embeddable":true,"href":"https:\/\/www.galerie-scrapbooking.com\/en\/wp-json\/wp\/v2\/product_cat?post=33414"},{"taxonomy":"product_tag","embeddable":true,"href":"https:\/\/www.galerie-scrapbooking.com\/en\/wp-json\/wp\/v2\/product_tag?post=33414"}],"curies":[{"name":"wp","href":"https:\/\/api.w.org\/{rel}","templated":true}]}}