{"id":33409,"date":"2024-09-12T09:05:48","date_gmt":"2024-09-12T13:05:48","guid":{"rendered":"https:\/\/www.galerie-scrapbooking.com\/?post_type=product&#038;p=33409"},"modified":"2024-10-23T14:07:43","modified_gmt":"2024-10-23T18:07:43","slug":"lavinia-etampe-faba-la-sorciere","status":"publish","type":"product","link":"https:\/\/www.galerie-scrapbooking.com\/en\/produit\/lavinia-etampe-faba-la-sorciere\/","title":{"rendered":"Lavinia \u00c9tampe Faba la Sorci\u00e8re"},"content":{"rendered":"<p>Une \u00e9tampe de silhouette de la vue lat\u00e9rale d&#8217;une sorci\u00e8re tenant une lampe.<\/p>\n<p>Cette sorci\u00e8re mystique a de belles m\u00e8ches fluides avec des boucles qui se refl\u00e8tent dans ses jupes amples et son chapeau pointu. Ses longues manches pendantes ont un d\u00e9licat effet toile d&#8217;araign\u00e9e et elle porte une lanterne arrondie.<\/p>\n<p>Cette sorci\u00e8re est id\u00e9ale pour une sc\u00e8ne plus grande ou pour cr\u00e9er une perspective. Parfait \u00e0 utiliser dans des sc\u00e8nes avec la Brume magique, Jinx, le chaudron etc.<\/p>\n<p>N\u00e9cessite l&#8217;utilisation d&#8217;un bloc acrylique.<\/p>\n<p>Dimension approximative:<\/p>\n<p>5.0 x 10.0 cm.<\/p>\n","protected":false},"excerpt":{"rendered":"<p>Lavinia Stamp &#8211; Faba<\/p>\n","protected":false},"featured_media":33410,"template":"","meta":{"_acf_changed":false},"product_brand":[],"product_cat":[422,342,252],"product_tag":[],"class_list":{"0":"post-33409","1":"product","2":"type-product","3":"status-publish","4":"has-post-thumbnail","6":"product_cat-fees","7":"product_cat-etampes-lavinia","8":"product_cat-herazz-nouveautes","9":"pa_brand_nc-lavinia","11":"first","12":"instock","13":"taxable","14":"shipping-taxable","15":"purchasable","16":"product-type-simple"},"acf":[],"aioseo_notices":[],"_links":{"self":[{"href":"https:\/\/www.galerie-scrapbooking.com\/en\/wp-json\/wp\/v2\/product\/33409","targetHints":{"allow":["GET"]}}],"collection":[{"href":"https:\/\/www.galerie-scrapbooking.com\/en\/wp-json\/wp\/v2\/product"}],"about":[{"href":"https:\/\/www.galerie-scrapbooking.com\/en\/wp-json\/wp\/v2\/types\/product"}],"wp:featuredmedia":[{"embeddable":true,"href":"https:\/\/www.galerie-scrapbooking.com\/en\/wp-json\/wp\/v2\/media\/33410"}],"wp:attachment":[{"href":"https:\/\/www.galerie-scrapbooking.com\/en\/wp-json\/wp\/v2\/media?parent=33409"}],"wp:term":[{"taxonomy":"product_brand","embeddable":true,"href":"https:\/\/www.galerie-scrapbooking.com\/en\/wp-json\/wp\/v2\/product_brand?post=33409"},{"taxonomy":"product_cat","embeddable":true,"href":"https:\/\/www.galerie-scrapbooking.com\/en\/wp-json\/wp\/v2\/product_cat?post=33409"},{"taxonomy":"product_tag","embeddable":true,"href":"https:\/\/www.galerie-scrapbooking.com\/en\/wp-json\/wp\/v2\/product_tag?post=33409"}],"curies":[{"name":"wp","href":"https:\/\/api.w.org\/{rel}","templated":true}]}}