{"id":33404,"date":"2024-09-12T09:05:48","date_gmt":"2024-09-12T13:05:48","guid":{"rendered":"https:\/\/www.galerie-scrapbooking.com\/?post_type=product&#038;p=33404"},"modified":"2025-03-20T19:40:36","modified_gmt":"2025-03-20T23:40:36","slug":"lavinia-etampe-assemblee-de-la-lune-bleue","status":"publish","type":"product","link":"https:\/\/www.galerie-scrapbooking.com\/en\/produit\/lavinia-etampe-assemblee-de-la-lune-bleue\/","title":{"rendered":"Lavinia \u00c9tampe Assembl\u00e9e de la Lune Bleue"},"content":{"rendered":"<p>Un jeu d&#8217;\u00e9tampes repr\u00e9sentant trois silhouettes individuelles debout d&#8217;une sorci\u00e8re.<\/p>\n<p>Les sorci\u00e8res mystiques ont des extr\u00e9mit\u00e9s boucl\u00e9es de caract\u00e8re sur leurs hauts chapeaux pointus et portent chacune une robe avec des manches pointues fluides et des jupes fluides. Chaque sorci\u00e8re peut \u00eatre identifi\u00e9e par ce qu&#8217;elle porte, une lampe, un balai et un b\u00e2ton.<\/p>\n<p>Ces sorci\u00e8res sont parfaites pour une sc\u00e8ne plus petite ou pour cr\u00e9er une perspective. \u00c0 utiliser dans des sc\u00e8nes avec Mini Rune et Mini Jinx et Brume magique.<\/p>\n<p>N\u00e9cessite l&#8217;utilisation d&#8217;un bloc acrylique.<\/p>\n<p>Dimension approximative:<\/p>\n<p>2.5 x 5.0 &#8211; 2.5 x 6.0 &#8211; 3.3 x 5.0 cm.<\/p>\n","protected":false},"excerpt":{"rendered":"<p>Lavinia Stamp &#8211; Coven of the Blue Moon<\/p>\n","protected":false},"featured_media":33405,"template":"","meta":{"_acf_changed":false},"product_brand":[],"product_cat":[422,342,252],"product_tag":[],"class_list":{"0":"post-33404","1":"product","2":"type-product","3":"status-publish","4":"has-post-thumbnail","6":"product_cat-fees","7":"product_cat-etampes-lavinia","8":"product_cat-herazz-nouveautes","9":"pa_brand_nc-lavinia","11":"first","12":"instock","13":"taxable","14":"shipping-taxable","15":"purchasable","16":"product-type-simple"},"acf":[],"aioseo_notices":[],"_links":{"self":[{"href":"https:\/\/www.galerie-scrapbooking.com\/en\/wp-json\/wp\/v2\/product\/33404","targetHints":{"allow":["GET"]}}],"collection":[{"href":"https:\/\/www.galerie-scrapbooking.com\/en\/wp-json\/wp\/v2\/product"}],"about":[{"href":"https:\/\/www.galerie-scrapbooking.com\/en\/wp-json\/wp\/v2\/types\/product"}],"wp:featuredmedia":[{"embeddable":true,"href":"https:\/\/www.galerie-scrapbooking.com\/en\/wp-json\/wp\/v2\/media\/33405"}],"wp:attachment":[{"href":"https:\/\/www.galerie-scrapbooking.com\/en\/wp-json\/wp\/v2\/media?parent=33404"}],"wp:term":[{"taxonomy":"product_brand","embeddable":true,"href":"https:\/\/www.galerie-scrapbooking.com\/en\/wp-json\/wp\/v2\/product_brand?post=33404"},{"taxonomy":"product_cat","embeddable":true,"href":"https:\/\/www.galerie-scrapbooking.com\/en\/wp-json\/wp\/v2\/product_cat?post=33404"},{"taxonomy":"product_tag","embeddable":true,"href":"https:\/\/www.galerie-scrapbooking.com\/en\/wp-json\/wp\/v2\/product_tag?post=33404"}],"curies":[{"name":"wp","href":"https:\/\/api.w.org\/{rel}","templated":true}]}}