{"id":33399,"date":"2024-09-12T09:05:48","date_gmt":"2024-09-12T13:05:48","guid":{"rendered":"https:\/\/www.galerie-scrapbooking.com\/?post_type=product&#038;p=33399"},"modified":"2026-05-01T09:23:32","modified_gmt":"2026-05-01T13:23:32","slug":"lavinia-etampe-mini-jinx","status":"publish","type":"product","link":"https:\/\/www.galerie-scrapbooking.com\/en\/produit\/lavinia-etampe-mini-jinx\/","title":{"rendered":"Lavinia \u00c9tampe Mini Jinx"},"content":{"rendered":"<h1>Lavinia \u00c9tampe Mini Jinx<\/h1>\n<p>Une mini \u00e9tampe silhouette d&#8217;un chat noir tourn\u00e9 vers la gauche.<\/p>\n<p>Ce chat debout a des oreilles pointues et tient sa queue enroul\u00e9e en l&#8217;air.<\/p>\n<p>Parfaits pour ajouter un peu de malice f\u00e9line \u00e0 n&#8217;importe quelle sc\u00e8ne, ils sont les compagnons id\u00e9aux pour les sc\u00e8nes avec\u00a0 Hocus et Pocus et Mini Rune.<\/p>\n<p>N\u00e9cessite l&#8217;utilisation d&#8217;un bloc acrylique.<\/p>\n<p>Dimension approximative:<\/p>\n<p>1.3 x 1.8 cm.<\/p>\n","protected":false},"excerpt":{"rendered":"<p>Lavinia Stamp &#8211; Mini Jinx<\/p>\n","protected":false},"featured_media":33400,"template":"","meta":{"_acf_changed":false},"product_brand":[],"product_cat":[421,342,252],"product_tag":[],"class_list":{"0":"post-33399","1":"product","2":"type-product","3":"status-publish","4":"has-post-thumbnail","6":"product_cat-animaux-insectes","7":"product_cat-etampes-lavinia","8":"product_cat-herazz-nouveautes","9":"pa_brand_nc-lavinia","11":"first","12":"instock","13":"taxable","14":"shipping-taxable","15":"purchasable","16":"product-type-simple"},"acf":[],"aioseo_notices":[],"_links":{"self":[{"href":"https:\/\/www.galerie-scrapbooking.com\/en\/wp-json\/wp\/v2\/product\/33399","targetHints":{"allow":["GET"]}}],"collection":[{"href":"https:\/\/www.galerie-scrapbooking.com\/en\/wp-json\/wp\/v2\/product"}],"about":[{"href":"https:\/\/www.galerie-scrapbooking.com\/en\/wp-json\/wp\/v2\/types\/product"}],"wp:featuredmedia":[{"embeddable":true,"href":"https:\/\/www.galerie-scrapbooking.com\/en\/wp-json\/wp\/v2\/media\/33400"}],"wp:attachment":[{"href":"https:\/\/www.galerie-scrapbooking.com\/en\/wp-json\/wp\/v2\/media?parent=33399"}],"wp:term":[{"taxonomy":"product_brand","embeddable":true,"href":"https:\/\/www.galerie-scrapbooking.com\/en\/wp-json\/wp\/v2\/product_brand?post=33399"},{"taxonomy":"product_cat","embeddable":true,"href":"https:\/\/www.galerie-scrapbooking.com\/en\/wp-json\/wp\/v2\/product_cat?post=33399"},{"taxonomy":"product_tag","embeddable":true,"href":"https:\/\/www.galerie-scrapbooking.com\/en\/wp-json\/wp\/v2\/product_tag?post=33399"}],"curies":[{"name":"wp","href":"https:\/\/api.w.org\/{rel}","templated":true}]}}