{"id":33377,"date":"2024-09-12T09:05:48","date_gmt":"2024-09-12T13:05:48","guid":{"rendered":"https:\/\/www.galerie-scrapbooking.com\/?post_type=product&#038;p=33377"},"modified":"2024-10-23T14:07:37","modified_gmt":"2024-10-23T18:07:37","slug":"lavinia-etampe-chauve-souris-2","status":"publish","type":"product","link":"https:\/\/www.galerie-scrapbooking.com\/en\/produit\/lavinia-etampe-chauve-souris-2\/","title":{"rendered":"Lavinia \u00c9tampe Chauve-Souris"},"content":{"rendered":"<p>Un ensemble de trois \u00e9tampes repr\u00e9sentant des silhouettes de chauves-souris \u00e0 l&#8217;envers.<\/p>\n<p>Les \u00e9tampes chauve-souris sont disponibles en trois tailles diff\u00e9rentes, petite, moyenne et grande et seront parfaites pour \u00eatre accroch\u00e9es aux branches d&#8217;un arbre ou m\u00eame dans une grotte.<\/p>\n<p>Elles sont id\u00e9ales pour les sc\u00e8nes avec Willow la sorci\u00e8re, le Coven de la Lune Bleue etc.<\/p>\n<p>Chaque \u00e9tampe mesure entre 0,8 cm x 1,5 cm de large et 0,8 cm et 3 cm de haut.<\/p>\n","protected":false},"excerpt":{"rendered":"<p>Lavinia Stamp &#8211; Flittermice Stamp<\/p>\n","protected":false},"featured_media":33378,"template":"","meta":{"_acf_changed":false},"product_brand":[],"product_cat":[421,342,252],"product_tag":[],"class_list":{"0":"post-33377","1":"product","2":"type-product","3":"status-publish","4":"has-post-thumbnail","6":"product_cat-animaux-insectes","7":"product_cat-etampes-lavinia","8":"product_cat-herazz-nouveautes","9":"pa_brand_nc-lavinia","11":"first","12":"instock","13":"taxable","14":"shipping-taxable","15":"purchasable","16":"product-type-simple"},"acf":[],"aioseo_notices":[],"_links":{"self":[{"href":"https:\/\/www.galerie-scrapbooking.com\/en\/wp-json\/wp\/v2\/product\/33377","targetHints":{"allow":["GET"]}}],"collection":[{"href":"https:\/\/www.galerie-scrapbooking.com\/en\/wp-json\/wp\/v2\/product"}],"about":[{"href":"https:\/\/www.galerie-scrapbooking.com\/en\/wp-json\/wp\/v2\/types\/product"}],"wp:featuredmedia":[{"embeddable":true,"href":"https:\/\/www.galerie-scrapbooking.com\/en\/wp-json\/wp\/v2\/media\/33378"}],"wp:attachment":[{"href":"https:\/\/www.galerie-scrapbooking.com\/en\/wp-json\/wp\/v2\/media?parent=33377"}],"wp:term":[{"taxonomy":"product_brand","embeddable":true,"href":"https:\/\/www.galerie-scrapbooking.com\/en\/wp-json\/wp\/v2\/product_brand?post=33377"},{"taxonomy":"product_cat","embeddable":true,"href":"https:\/\/www.galerie-scrapbooking.com\/en\/wp-json\/wp\/v2\/product_cat?post=33377"},{"taxonomy":"product_tag","embeddable":true,"href":"https:\/\/www.galerie-scrapbooking.com\/en\/wp-json\/wp\/v2\/product_tag?post=33377"}],"curies":[{"name":"wp","href":"https:\/\/api.w.org\/{rel}","templated":true}]}}