{"id":33355,"date":"2024-09-05T08:26:20","date_gmt":"2024-09-05T12:26:20","guid":{"rendered":"https:\/\/www.galerie-scrapbooking.com\/?post_type=product&#038;p=33355"},"modified":"2024-10-23T14:06:05","modified_gmt":"2024-10-23T18:06:05","slug":"sizzix-die-thinlits-par-tim-holtz-souhaits-hivernaux-pour-noel","status":"publish","type":"product","link":"https:\/\/www.galerie-scrapbooking.com\/en\/produit\/sizzix-die-thinlits-par-tim-holtz-souhaits-hivernaux-pour-noel\/","title":{"rendered":"Sizzix Die Thinlits par Tim Holtz Souhaits Hivernaux pour No\u00ebl"},"content":{"rendered":"<p>Cr\u00e9ez votre propre pays des merveilles avec cet ensemble de matrices polyvalent de 10 pi\u00e8ces, con\u00e7u avec pr\u00e9cision pour donner vie \u00e0 vos visions.<\/p>\n<p>Cet ensemble comprend un flocon de neige, un bonhomme de neige et des patins \u00e0 glace vintage, chaque pi\u00e8ce \u00e9tant con\u00e7ue pour inspirer votre imagination et rehausser vos projets d&#8217;artisanat.<\/p>\n<p>Que vous cr\u00e9iez des cartes faites \u00e0 la main, des d\u00e9corations festives ou des cadeaux personnalis\u00e9s, ces matrices sont la cl\u00e9 de la perfection artisanale. Laissez votre cr\u00e9ativit\u00e9 prendre son envol en embarquant pour un voyage \u00e0 travers les merveilles hivernales.<\/p>\n<p>Ces matrices sont compatibles avec la Switch, Sizzix BIGkick, BigShot, Vagabond et Big Shot Pro.<\/p>\n<p>Dimensions approximatives:<\/p>\n<p>3 1\/4\u201d x 3\u201d &#8211; 1\/8\u201d x 1\/8\u201d<\/p>\n<p>Vid\u00e9o de d\u00e9monstration:<\/p>\n<p><iframe loading=\"lazy\" title=\"YouTube video player\" src=\"https:\/\/www.youtube.com\/embed\/1UZ8aSLgmeE?si=YvihVSlDGhyQgrFj\" width=\"560\" height=\"315\" frameborder=\"0\" allowfullscreen=\"allowfullscreen\"><\/iframe><\/p>\n","protected":false},"excerpt":{"rendered":"<p>Sizzix Thinlits Die Set 10PK &#8211; Vault Winter Wishes by Tim Holt<\/p>\n","protected":false},"featured_media":33339,"template":"","meta":{"_acf_changed":false},"product_brand":[],"product_cat":[252,87,255],"product_tag":[],"class_list":{"0":"post-33355","1":"product","2":"type-product","3":"status-publish","4":"has-post-thumbnail","6":"product_cat-herazz-nouveautes","7":"product_cat-sizzix","8":"product_cat-matrices-thinlits-framelits-sizzix","9":"pa_brand_nc-sizzix","11":"first","12":"instock","13":"taxable","14":"shipping-taxable","15":"purchasable","16":"product-type-simple"},"acf":[],"aioseo_notices":[],"_links":{"self":[{"href":"https:\/\/www.galerie-scrapbooking.com\/en\/wp-json\/wp\/v2\/product\/33355","targetHints":{"allow":["GET"]}}],"collection":[{"href":"https:\/\/www.galerie-scrapbooking.com\/en\/wp-json\/wp\/v2\/product"}],"about":[{"href":"https:\/\/www.galerie-scrapbooking.com\/en\/wp-json\/wp\/v2\/types\/product"}],"wp:featuredmedia":[{"embeddable":true,"href":"https:\/\/www.galerie-scrapbooking.com\/en\/wp-json\/wp\/v2\/media\/33339"}],"wp:attachment":[{"href":"https:\/\/www.galerie-scrapbooking.com\/en\/wp-json\/wp\/v2\/media?parent=33355"}],"wp:term":[{"taxonomy":"product_brand","embeddable":true,"href":"https:\/\/www.galerie-scrapbooking.com\/en\/wp-json\/wp\/v2\/product_brand?post=33355"},{"taxonomy":"product_cat","embeddable":true,"href":"https:\/\/www.galerie-scrapbooking.com\/en\/wp-json\/wp\/v2\/product_cat?post=33355"},{"taxonomy":"product_tag","embeddable":true,"href":"https:\/\/www.galerie-scrapbooking.com\/en\/wp-json\/wp\/v2\/product_tag?post=33355"}],"curies":[{"name":"wp","href":"https:\/\/api.w.org\/{rel}","templated":true}]}}