{"id":33334,"date":"2024-09-05T08:26:20","date_gmt":"2024-09-05T12:26:20","guid":{"rendered":"https:\/\/www.galerie-scrapbooking.com\/?post_type=product&#038;p=33334"},"modified":"2024-10-23T14:06:04","modified_gmt":"2024-10-23T18:06:04","slug":"sizzix-die-thinlits-par-tim-holtz-croquis-saisonnier","status":"publish","type":"product","link":"https:\/\/www.galerie-scrapbooking.com\/en\/produit\/sizzix-die-thinlits-par-tim-holtz-croquis-saisonnier\/","title":{"rendered":"Sizzix Die Thinlits par Tim Holtz Croquis saisonnier"},"content":{"rendered":"<p>D\u00e9bloquez le talent artistique des saisons avec ces matrices de d\u00e9coupes de Tim Holtz.<\/p>\n<p>Cet ensemble de matrices comprend 43 matrices, dont un ensemble complet d&#8217;alphabet et un croquis de houx et d&#8217;une fleur de poinsettia.<\/p>\n<p>Explorez des possibilit\u00e9s cr\u00e9atives infinies tout en donnant vie \u00e0 la magie des f\u00eates de fin d\u2019ann\u00e9e.<\/p>\n<p>Que vous fassiez des cartes, de la d\u00e9coration int\u00e9rieure ou des chefs-d&#8217;\u0153uvre mixtes, ces matrices sont votre cl\u00e9 pour lib\u00e9rer la beaut\u00e9 de chaque instant. Embrassez la p\u00e9riode des f\u00eates et laissez votre cr\u00e9ativit\u00e9 s\u2019\u00e9panouir.<\/p>\n<p>Ces matrices sont compatibles avec la Switch, Sizzix BIGkick, BigShot, Vagabond et Big Shot Pro.<\/p>\n<p>Dimensions approximatives:<\/p>\n<p>1 7\/8\u201d x 1 7\/8\u201d &#8211; 1\/8\u201d x 3\/4\u201d<\/p>\n","protected":false},"excerpt":{"rendered":"<p>Sizzix Thinlits Die Set 43PK &#8211; Vault Seasonal Sketch by Tim Holtz<\/p>\n","protected":false},"featured_media":33347,"template":"","meta":{"_acf_changed":false},"product_brand":[],"product_cat":[252,87,255],"product_tag":[],"class_list":{"0":"post-33334","1":"product","2":"type-product","3":"status-publish","4":"has-post-thumbnail","6":"product_cat-herazz-nouveautes","7":"product_cat-sizzix","8":"product_cat-matrices-thinlits-framelits-sizzix","9":"pa_brand_nc-sizzix","11":"first","12":"instock","13":"taxable","14":"shipping-taxable","15":"purchasable","16":"product-type-simple"},"acf":[],"aioseo_notices":[],"_links":{"self":[{"href":"https:\/\/www.galerie-scrapbooking.com\/en\/wp-json\/wp\/v2\/product\/33334","targetHints":{"allow":["GET"]}}],"collection":[{"href":"https:\/\/www.galerie-scrapbooking.com\/en\/wp-json\/wp\/v2\/product"}],"about":[{"href":"https:\/\/www.galerie-scrapbooking.com\/en\/wp-json\/wp\/v2\/types\/product"}],"wp:featuredmedia":[{"embeddable":true,"href":"https:\/\/www.galerie-scrapbooking.com\/en\/wp-json\/wp\/v2\/media\/33347"}],"wp:attachment":[{"href":"https:\/\/www.galerie-scrapbooking.com\/en\/wp-json\/wp\/v2\/media?parent=33334"}],"wp:term":[{"taxonomy":"product_brand","embeddable":true,"href":"https:\/\/www.galerie-scrapbooking.com\/en\/wp-json\/wp\/v2\/product_brand?post=33334"},{"taxonomy":"product_cat","embeddable":true,"href":"https:\/\/www.galerie-scrapbooking.com\/en\/wp-json\/wp\/v2\/product_cat?post=33334"},{"taxonomy":"product_tag","embeddable":true,"href":"https:\/\/www.galerie-scrapbooking.com\/en\/wp-json\/wp\/v2\/product_tag?post=33334"}],"curies":[{"name":"wp","href":"https:\/\/api.w.org\/{rel}","templated":true}]}}