{"id":33291,"date":"2024-08-29T08:32:35","date_gmt":"2024-08-29T12:32:35","guid":{"rendered":"https:\/\/www.galerie-scrapbooking.com\/?post_type=product&#038;p=33291"},"modified":"2024-10-23T14:06:33","modified_gmt":"2024-10-23T18:06:33","slug":"tim-holtz-sac-de-rangement-avec-fermeture-eclair-petit","status":"publish","type":"product","link":"https:\/\/www.galerie-scrapbooking.com\/en\/produit\/tim-holtz-sac-de-rangement-avec-fermeture-eclair-petit\/","title":{"rendered":"Tim Holtz Sac de rangement avec fermeture \u00e9clair petit"},"content":{"rendered":"<p>C\u00e9l\u00e9brant 20 ans de produits Distress, Ranger lance deux sacs de rangement comm\u00e9moratifs Tim Holtz Distress.<\/p>\n<p>Sacs en toile imprim\u00e9s de couleurs vives avec des illustrations de la palette compl\u00e8te de couleurs Distress.<\/p>\n<p>Chaque sac est enti\u00e8rement doubl\u00e9 d&#8217;une fermeture \u00e9clair en m\u00e9tal. Le petit sac peut contenir une bo\u00eete \u00e0 crayons aquarelle Distress et un pinceau \u00e0 eau.<\/p>\n<p>Le sac mesure environ 5&#8243;x8&#8243;.<\/p>\n","protected":false},"excerpt":{"rendered":"<p>Tim Holtz Distress Zipper Bag small<\/p>\n","protected":false},"featured_media":33292,"template":"","meta":{"_acf_changed":false},"product_brand":[],"product_cat":[252,238,386],"product_tag":[],"class_list":{"0":"post-33291","1":"product","2":"type-product","3":"status-publish","4":"has-post-thumbnail","6":"product_cat-herazz-nouveautes","7":"product_cat-rangements-scrapbooking","8":"product_cat-tim-holtz-ranger","9":"pa_brand_nc-tim-holtz","11":"first","12":"instock","13":"taxable","14":"shipping-taxable","15":"purchasable","16":"product-type-simple"},"acf":[],"aioseo_notices":[],"_links":{"self":[{"href":"https:\/\/www.galerie-scrapbooking.com\/en\/wp-json\/wp\/v2\/product\/33291","targetHints":{"allow":["GET"]}}],"collection":[{"href":"https:\/\/www.galerie-scrapbooking.com\/en\/wp-json\/wp\/v2\/product"}],"about":[{"href":"https:\/\/www.galerie-scrapbooking.com\/en\/wp-json\/wp\/v2\/types\/product"}],"wp:featuredmedia":[{"embeddable":true,"href":"https:\/\/www.galerie-scrapbooking.com\/en\/wp-json\/wp\/v2\/media\/33292"}],"wp:attachment":[{"href":"https:\/\/www.galerie-scrapbooking.com\/en\/wp-json\/wp\/v2\/media?parent=33291"}],"wp:term":[{"taxonomy":"product_brand","embeddable":true,"href":"https:\/\/www.galerie-scrapbooking.com\/en\/wp-json\/wp\/v2\/product_brand?post=33291"},{"taxonomy":"product_cat","embeddable":true,"href":"https:\/\/www.galerie-scrapbooking.com\/en\/wp-json\/wp\/v2\/product_cat?post=33291"},{"taxonomy":"product_tag","embeddable":true,"href":"https:\/\/www.galerie-scrapbooking.com\/en\/wp-json\/wp\/v2\/product_tag?post=33291"}],"curies":[{"name":"wp","href":"https:\/\/api.w.org\/{rel}","templated":true}]}}