{"id":3329,"date":"2014-10-30T20:45:56","date_gmt":"2014-10-30T20:45:56","guid":{"rendered":"https:\/\/commparlimage.ca\/garage\/herazz\/?product=peel-off-bordures-prismatiques-chevreuils-argent"},"modified":"2024-10-19T22:39:45","modified_gmt":"2024-10-20T02:39:45","slug":"peel-off-bordures-prismatiques-chevreuils-argent","status":"publish","type":"product","link":"https:\/\/www.galerie-scrapbooking.com\/en\/produit\/peel-off-bordures-prismatiques-chevreuils-argent\/","title":{"rendered":"Peel Off Bordures Prismatiques Chevreuils argent"},"content":{"rendered":"<p>Les Peel Offs Bordures sont utiles, soit pour mettre sur une carte ou une page de scrapbooking! Un texte personnalis\u00e9 autocollant. ! Les Peel Offs peuvent \u00eatre colori\u00e9s avec les marqueurs Craft Makers ou Identi Pen de la boutique.<\/p>\n<p>10 X 23 cm. sans acide<\/p>\n","protected":false},"excerpt":{"rendered":"<p>Peel Off Bordures<\/p>\n","protected":false},"featured_media":3330,"template":"","meta":{"_acf_changed":false},"product_brand":[],"product_cat":[158],"product_tag":[],"class_list":{"0":"post-3329","1":"product","2":"type-product","3":"status-publish","4":"has-post-thumbnail","6":"product_cat-pell-offs-bordures-coins","7":"pa_brand_nc-doodey","9":"first","10":"instock","11":"taxable","12":"shipping-taxable","13":"purchasable","14":"product-type-simple"},"acf":[],"aioseo_notices":[],"_links":{"self":[{"href":"https:\/\/www.galerie-scrapbooking.com\/en\/wp-json\/wp\/v2\/product\/3329","targetHints":{"allow":["GET"]}}],"collection":[{"href":"https:\/\/www.galerie-scrapbooking.com\/en\/wp-json\/wp\/v2\/product"}],"about":[{"href":"https:\/\/www.galerie-scrapbooking.com\/en\/wp-json\/wp\/v2\/types\/product"}],"wp:featuredmedia":[{"embeddable":true,"href":"https:\/\/www.galerie-scrapbooking.com\/en\/wp-json\/wp\/v2\/media\/3330"}],"wp:attachment":[{"href":"https:\/\/www.galerie-scrapbooking.com\/en\/wp-json\/wp\/v2\/media?parent=3329"}],"wp:term":[{"taxonomy":"product_brand","embeddable":true,"href":"https:\/\/www.galerie-scrapbooking.com\/en\/wp-json\/wp\/v2\/product_brand?post=3329"},{"taxonomy":"product_cat","embeddable":true,"href":"https:\/\/www.galerie-scrapbooking.com\/en\/wp-json\/wp\/v2\/product_cat?post=3329"},{"taxonomy":"product_tag","embeddable":true,"href":"https:\/\/www.galerie-scrapbooking.com\/en\/wp-json\/wp\/v2\/product_tag?post=3329"}],"curies":[{"name":"wp","href":"https:\/\/api.w.org\/{rel}","templated":true}]}}