{"id":33201,"date":"2024-08-29T08:32:36","date_gmt":"2024-08-29T12:32:36","guid":{"rendered":"https:\/\/www.galerie-scrapbooking.com\/?post_type=product&#038;p=33201"},"modified":"2024-10-23T14:06:15","modified_gmt":"2024-10-23T18:06:15","slug":"spellbinders-shapeabilities-pingouins-espiegles","status":"publish","type":"product","link":"https:\/\/www.galerie-scrapbooking.com\/en\/produit\/spellbinders-shapeabilities-pingouins-espiegles\/","title":{"rendered":"Spellbinders Shapeabilities Pingouins espi\u00e8gles"},"content":{"rendered":"<p>Qui peut r\u00e9sister \u00e0 ces adorables pingouins ?!<\/p>\n<p>Cet ensemble de 16 matrices de d\u00e9coupe en m\u00e9tal mince vous offre des options pour cr\u00e9er diff\u00e9rents styles de ces mignons petits gars, qu&#8217;ils soient pench\u00e9s, debout ou tenant des objets.<\/p>\n<p>Sont \u00e9galement inclus des accessoires : coffret cadeau, chapeaux, bois, pulls et plus encore !<\/p>\n<p>Dimensions approximatives:<\/p>\n<p>Base Pingouin Fins Out : 1,42 x 1,88 po\/3,60 x 4,80 cm<\/p>\n<p>Couche ventrale Fins Out Penguin : 0,82 x 1,66 po\/2,10 x 4,20 cm<\/p>\n<p>Base du pingouin pench\u00e9 : 1,41 x 1,86 po\/3,60 x 4,70 cm<\/p>\n<p>Couche ventrale pench\u00e9e du pingouin : 0,96 x 1,70 po\/2,40 x 4,30 cm<\/p>\n<p>Palmes dans la base Penguin : 1,04 x 1,89 po\/2,60 x 4,80 cm<\/p>\n<p>Palmes dans la couche ventrale du pingouin : 0,82 x 1,68 po\/2,10 x 4,30 cm<\/p>\n<p>Base du coffret cadeau : 0,62 x 0,44 po\/1,60 x 1,10 cm<\/p>\n<p>Couche du couvercle de la bo\u00eete cadeau : 0,61 x 0,14 po\/1,60 x 0,40 cm<\/p>\n<p>Coffret cadeau et n\u0153ud de couronne (2 pi\u00e8ces) : 0,35 x 0,52 po\/0,90 x 1,30 cm<\/p>\n<p>Pieds (3 pi\u00e8ces) : 0,76 x 0,28 po\/1,90 x 0,70 cm<\/p>\n<p>Nez rouge : 0,26 x 0,29 po\/0,70 x 0,70 cm<\/p>\n<p>Bois : 0,42 x 1,08 po\/1,10 x 2,70 cm<\/p>\n<p>Base du chapeau d&#8217;hiver : 0,91 x 0,71 po\/2,30 x 1,80 cm<\/p>\n<p>Couche de manchette du chapeau d&#8217;hiver : 0,28 x 0,72 po\/0,70 x 1,80 cm<\/p>\n<p>Couche de pompons du chapeau d&#8217;hiver : 0,22 x 0,22 po\/0,60 x 0,60 cm<\/p>\n<p>Base du chapeau de f\u00eate : 0,55 x 0,74 po\/1,40 x 1,90 cm<\/p>\n<p>Couche de pompons pour chapeau de f\u00eate : 0,35 x 0,36 po\/0,90 x 0,90 cm<\/p>\n<p>Couronne : 0,76 x 0,72 po\/1,90 x 1,80 cm<\/p>\n<p>Base du pull : 1,27 x 1,02 po\/3,20 x 2,60 cm<\/p>\n<p>Sous-couche du col du pull : 0,80 x 0,36 po\/2,00 x 0,90 cm<\/p>\n<p>Sous-couche de manchette de pull (2 pi\u00e8ces) : 0,30 x 0,22 po\/0,80 x 0,50 cm<\/p>\n<p>Vid\u00e9o de d\u00e9monstration:<\/p>\n<p><iframe loading=\"lazy\" width=\"560\" height=\"315\" src=\"https:\/\/www.youtube.com\/embed\/1UZ8aSLgmeE?si=YvihVSlDGhyQgrFj\" title=\"YouTube video player\" frameborder=\"0\" allow=\"accelerometer; autoplay; clipboard-write; encrypted-media; gyroscope; picture-in-picture; web-share\" referrerpolicy=\"strict-origin-when-cross-origin\" allowfullscreen><\/iframe><\/p>\n","protected":false},"excerpt":{"rendered":"<p>Spellbinders Etched Dies Christmas &#8211; Delivering Joy Sleigh<\/p>\n","protected":false},"featured_media":33202,"template":"","meta":{"_acf_changed":false},"product_brand":[],"product_cat":[252,195],"product_tag":[],"class_list":{"0":"post-33201","1":"product","2":"type-product","3":"status-publish","4":"has-post-thumbnail","6":"product_cat-herazz-nouveautes","7":"product_cat-shapeabilities-spellbinders-scrapbooking","8":"pa_brand_nc-spellbinders","10":"first","11":"instock","12":"taxable","13":"shipping-taxable","14":"purchasable","15":"product-type-simple"},"acf":[],"aioseo_notices":[],"_links":{"self":[{"href":"https:\/\/www.galerie-scrapbooking.com\/en\/wp-json\/wp\/v2\/product\/33201","targetHints":{"allow":["GET"]}}],"collection":[{"href":"https:\/\/www.galerie-scrapbooking.com\/en\/wp-json\/wp\/v2\/product"}],"about":[{"href":"https:\/\/www.galerie-scrapbooking.com\/en\/wp-json\/wp\/v2\/types\/product"}],"wp:featuredmedia":[{"embeddable":true,"href":"https:\/\/www.galerie-scrapbooking.com\/en\/wp-json\/wp\/v2\/media\/33202"}],"wp:attachment":[{"href":"https:\/\/www.galerie-scrapbooking.com\/en\/wp-json\/wp\/v2\/media?parent=33201"}],"wp:term":[{"taxonomy":"product_brand","embeddable":true,"href":"https:\/\/www.galerie-scrapbooking.com\/en\/wp-json\/wp\/v2\/product_brand?post=33201"},{"taxonomy":"product_cat","embeddable":true,"href":"https:\/\/www.galerie-scrapbooking.com\/en\/wp-json\/wp\/v2\/product_cat?post=33201"},{"taxonomy":"product_tag","embeddable":true,"href":"https:\/\/www.galerie-scrapbooking.com\/en\/wp-json\/wp\/v2\/product_tag?post=33201"}],"curies":[{"name":"wp","href":"https:\/\/api.w.org\/{rel}","templated":true}]}}