{"id":33196,"date":"2024-08-29T08:32:36","date_gmt":"2024-08-29T12:32:36","guid":{"rendered":"https:\/\/www.galerie-scrapbooking.com\/?post_type=product&#038;p=33196"},"modified":"2024-10-23T14:06:15","modified_gmt":"2024-10-23T18:06:15","slug":"spellbinders-shapeabilities-traineau-livrant-de-la-joie","status":"publish","type":"product","link":"https:\/\/www.galerie-scrapbooking.com\/en\/produit\/spellbinders-shapeabilities-traineau-livrant-de-la-joie\/","title":{"rendered":"Spellbinders Shapeabilities Tra\u00eeneau livrant de la Joie"},"content":{"rendered":"<p>Une fois assembl\u00e9, ce lot de 18 fines matrices de d\u00e9coupe en m\u00e9tal constitue un superbe tra\u00eeneau rempli de cadeaux !<\/p>\n<p>Tant de d\u00e9tails, des cadeaux emball\u00e9s avec des n\u0153uds, des \u00e9tiquettes cadeaux, des poinsettias et bien plus encore !<\/p>\n<p>Dimensions approximatives:<\/p>\n<p>Tra\u00eeneau : 3,25 x 1,65 po\/8,20 x 4,20 cm<\/p>\n<p>Garniture du tra\u00eeneau : 3,25 x 1,25 po\/8,20 x 3,10 cm<\/p>\n<p>Tapis de tra\u00eeneau : 2,85 x 0,85 po\/7,10 x 2,20 cm<\/p>\n<p>Poinsettia : 1,15 x 1,15 po\/2,90 x 2,90 cm<\/p>\n<p>Bouquet de baies : 0,30 x 0,30 po\/0,70 x 0,70 cm<\/p>\n<p>Baie (6 pi\u00e8ces) : 0,20 x 0,20 po\/0,40 x 0,40 cm<\/p>\n<p>Brin : 1,30 x 0,65 po\/3,30 x 1,60 cm<\/p>\n<p>Pin : 1,40 x 0,65 po\/3,50 x 1,70 cm<\/p>\n<p>Houx (2 pi\u00e8ces) : 1,10 x 0,40 po\/2,70 x 0,90 cm<\/p>\n<p>Cadeau 1 : 0,65 x 0,65 po\/1,60 x 1,60 cm<\/p>\n<p>Cadeau 2 : 0,75 x 1,00 po\/1,90 x 2,50 cm<\/p>\n<p>Cadeau 3 : 0,65 x 0,80 po\/1,60 x 2,00 cm<\/p>\n<p>Cadeau 4 : 1,15 x 0,60 po\/2,80 x 1,50 cm<\/p>\n<p>Queues d&#8217;arc : 0,95 x 0,70 po\/2,40 x 1,70 cm<\/p>\n<p>Noeud 2 boucles : 0,90 x 0,30 po\/2,20 x 0,70 cm<\/p>\n<p>Arc 1 boucle : 0,35 x 0,60 po\/0,90 x 1,40 cm<\/p>\n<p>Centre de l&#8217;arc : 0,15 x 0,15 po\/0,30 x 0,30 cm<\/p>\n<p>\u00c9tiquette : 1,05 x 0,45 po\/2,60 x 1,10 cm<\/p>\n<p>Insert d&#8217;\u00e9tiquette (2 pi\u00e8ces) : 0,80 x 0,40 po\/2,00 x 1,00 cm<\/p>\n","protected":false},"excerpt":{"rendered":"<p>Spellbinders Etched Dies Christmas &#8211; Delivering Joy Sleigh<\/p>\n","protected":false},"featured_media":33197,"template":"","meta":{"_acf_changed":false},"product_brand":[],"product_cat":[252,195],"product_tag":[],"class_list":{"0":"post-33196","1":"product","2":"type-product","3":"status-publish","4":"has-post-thumbnail","6":"product_cat-herazz-nouveautes","7":"product_cat-shapeabilities-spellbinders-scrapbooking","8":"pa_brand_nc-spellbinders","10":"first","11":"instock","12":"taxable","13":"shipping-taxable","14":"purchasable","15":"product-type-simple"},"acf":[],"aioseo_notices":[],"_links":{"self":[{"href":"https:\/\/www.galerie-scrapbooking.com\/en\/wp-json\/wp\/v2\/product\/33196","targetHints":{"allow":["GET"]}}],"collection":[{"href":"https:\/\/www.galerie-scrapbooking.com\/en\/wp-json\/wp\/v2\/product"}],"about":[{"href":"https:\/\/www.galerie-scrapbooking.com\/en\/wp-json\/wp\/v2\/types\/product"}],"wp:featuredmedia":[{"embeddable":true,"href":"https:\/\/www.galerie-scrapbooking.com\/en\/wp-json\/wp\/v2\/media\/33197"}],"wp:attachment":[{"href":"https:\/\/www.galerie-scrapbooking.com\/en\/wp-json\/wp\/v2\/media?parent=33196"}],"wp:term":[{"taxonomy":"product_brand","embeddable":true,"href":"https:\/\/www.galerie-scrapbooking.com\/en\/wp-json\/wp\/v2\/product_brand?post=33196"},{"taxonomy":"product_cat","embeddable":true,"href":"https:\/\/www.galerie-scrapbooking.com\/en\/wp-json\/wp\/v2\/product_cat?post=33196"},{"taxonomy":"product_tag","embeddable":true,"href":"https:\/\/www.galerie-scrapbooking.com\/en\/wp-json\/wp\/v2\/product_tag?post=33196"}],"curies":[{"name":"wp","href":"https:\/\/api.w.org\/{rel}","templated":true}]}}