{"id":33193,"date":"2024-08-29T08:32:36","date_gmt":"2024-08-29T12:32:36","guid":{"rendered":"https:\/\/www.galerie-scrapbooking.com\/?post_type=product&#038;p=33193"},"modified":"2024-10-23T14:06:13","modified_gmt":"2024-10-23T18:06:13","slug":"aall-and-create-decoupes-halo-brumeux","status":"publish","type":"product","link":"https:\/\/www.galerie-scrapbooking.com\/en\/produit\/aall-and-create-decoupes-halo-brumeux\/","title":{"rendered":"AALL And Create D\u00e9coupes Halo Brumeux"},"content":{"rendered":"<p>Donnez un coup de pouce \u00e0 votre prochain projet avec ces formes d\u00e9coup\u00e9es d\u00e9taill\u00e9es.<\/p>\n<p>Ce paquet contient 130 \u00e9ph\u00e9m\u00e8res d\u00e9coup\u00e9s<\/p>\n","protected":false},"excerpt":{"rendered":"<p>AALL And Create Ephemera &#8211; Halo Haze<\/p>\n","protected":false},"featured_media":33194,"template":"","meta":{"_acf_changed":false},"product_brand":[],"product_cat":[431,430,252],"product_tag":[],"class_list":{"0":"post-33193","1":"product","2":"type-product","3":"status-publish","4":"has-post-thumbnail","6":"product_cat-die-cuts-aallandcreate","7":"product_cat-decoupes","8":"product_cat-herazz-nouveautes","9":"pa_brand_nc-aall-and-create","11":"first","12":"instock","13":"taxable","14":"shipping-taxable","15":"purchasable","16":"product-type-simple"},"acf":[],"aioseo_notices":[],"_links":{"self":[{"href":"https:\/\/www.galerie-scrapbooking.com\/en\/wp-json\/wp\/v2\/product\/33193","targetHints":{"allow":["GET"]}}],"collection":[{"href":"https:\/\/www.galerie-scrapbooking.com\/en\/wp-json\/wp\/v2\/product"}],"about":[{"href":"https:\/\/www.galerie-scrapbooking.com\/en\/wp-json\/wp\/v2\/types\/product"}],"wp:featuredmedia":[{"embeddable":true,"href":"https:\/\/www.galerie-scrapbooking.com\/en\/wp-json\/wp\/v2\/media\/33194"}],"wp:attachment":[{"href":"https:\/\/www.galerie-scrapbooking.com\/en\/wp-json\/wp\/v2\/media?parent=33193"}],"wp:term":[{"taxonomy":"product_brand","embeddable":true,"href":"https:\/\/www.galerie-scrapbooking.com\/en\/wp-json\/wp\/v2\/product_brand?post=33193"},{"taxonomy":"product_cat","embeddable":true,"href":"https:\/\/www.galerie-scrapbooking.com\/en\/wp-json\/wp\/v2\/product_cat?post=33193"},{"taxonomy":"product_tag","embeddable":true,"href":"https:\/\/www.galerie-scrapbooking.com\/en\/wp-json\/wp\/v2\/product_tag?post=33193"}],"curies":[{"name":"wp","href":"https:\/\/api.w.org\/{rel}","templated":true}]}}