{"id":3319,"date":"2014-10-09T20:16:05","date_gmt":"2014-10-09T20:16:05","guid":{"rendered":"https:\/\/commparlimage.ca\/garage\/herazz\/?product=simple-a-souhait-etampe-naissance-2"},"modified":"2026-04-19T09:35:49","modified_gmt":"2026-04-19T13:35:49","slug":"simple-a-souhait-etampe-naissance-2","status":"publish","type":"product","link":"https:\/\/www.galerie-scrapbooking.com\/en\/produit\/simple-a-souhait-etampe-naissance-2\/","title":{"rendered":"Simple \u00e0 Souhait \u00c9tampe Naissance #2"},"content":{"rendered":"<p>Ensemble de 10 \u00e9tampes polym\u00e8res<\/p>\n<p>Feuille de 9cm X 14cm (3.5&#8243; X 5.5&#8243;)<\/p>\n<p>N\u00e9cessite l&#8217;utilisation d&#8217;un bloc acrylique<\/p>\n","protected":false},"excerpt":{"rendered":"<p>Simple \u00e0 Souhait \u00c9tampe<\/p>\n","protected":false},"featured_media":3320,"template":"","meta":{"_acf_changed":false},"product_brand":[],"product_cat":[188],"product_tag":[],"class_list":{"0":"post-3319","1":"product","2":"type-product","3":"status-publish","4":"has-post-thumbnail","6":"product_cat-etampe-simple-a-souhait","7":"pa_brand_nc-simple-a-souhait","9":"first","10":"instock","11":"taxable","12":"shipping-taxable","13":"purchasable","14":"product-type-simple"},"acf":[],"aioseo_notices":[],"_links":{"self":[{"href":"https:\/\/www.galerie-scrapbooking.com\/en\/wp-json\/wp\/v2\/product\/3319","targetHints":{"allow":["GET"]}}],"collection":[{"href":"https:\/\/www.galerie-scrapbooking.com\/en\/wp-json\/wp\/v2\/product"}],"about":[{"href":"https:\/\/www.galerie-scrapbooking.com\/en\/wp-json\/wp\/v2\/types\/product"}],"wp:featuredmedia":[{"embeddable":true,"href":"https:\/\/www.galerie-scrapbooking.com\/en\/wp-json\/wp\/v2\/media\/3320"}],"wp:attachment":[{"href":"https:\/\/www.galerie-scrapbooking.com\/en\/wp-json\/wp\/v2\/media?parent=3319"}],"wp:term":[{"taxonomy":"product_brand","embeddable":true,"href":"https:\/\/www.galerie-scrapbooking.com\/en\/wp-json\/wp\/v2\/product_brand?post=3319"},{"taxonomy":"product_cat","embeddable":true,"href":"https:\/\/www.galerie-scrapbooking.com\/en\/wp-json\/wp\/v2\/product_cat?post=3319"},{"taxonomy":"product_tag","embeddable":true,"href":"https:\/\/www.galerie-scrapbooking.com\/en\/wp-json\/wp\/v2\/product_tag?post=3319"}],"curies":[{"name":"wp","href":"https:\/\/api.w.org\/{rel}","templated":true}]}}