{"id":33100,"date":"2024-08-15T11:04:02","date_gmt":"2024-08-15T15:04:02","guid":{"rendered":"https:\/\/www.galerie-scrapbooking.com\/?post_type=product&#038;p=33100"},"modified":"2026-02-26T16:00:13","modified_gmt":"2026-02-26T21:00:13","slug":"lavinia-2-stencils-autocollants-8","status":"publish","type":"product","link":"https:\/\/www.galerie-scrapbooking.com\/en\/produit\/lavinia-2-stencils-autocollants-8\/","title":{"rendered":"Lavinia 2 Stencils Autocollants #8"},"content":{"rendered":"<p>Deux stencils autocollants qui peuvent \u00eatre utilis\u00e9s comme positif et n\u00e9gatif. Repositionnables, r\u00e9utilisables et lavables, ils sont parfaits pour les projets de cartes, de journalisation, de scrapbooking et autres projets cr\u00e9atifs.<\/p>\n<p>Vous pouvez d\u00e9sormais cr\u00e9er votre propre monde dans une bouteille, un terrarium f\u00e9erique ou m\u00eame tamponner votre propre message dans une bouteille, \u00e0 vous de choisir !<\/p>\n<p>Compl\u00e9tez le look en ajoutant un bouchon du tampon \u00ab Bouchon de li\u00e8ge grand \u00bb, con\u00e7u pour s&#8217;adapter aux deux stencils.<\/p>\n<p>Taille: 190 x 180 mm<\/p>\n<p>Video de d\u00e9monstration:<\/p>\n<p><iframe loading=\"lazy\" title=\"YouTube video player\" src=\"https:\/\/www.youtube.com\/embed\/sgC08YMT2RI?si=M1TYwwIl63Nzg2JA\" width=\"560\" height=\"315\" frameborder=\"0\" allowfullscreen=\"allowfullscreen\"><\/iframe><\/p>\n","protected":false},"excerpt":{"rendered":"<p>Lavinia Sticker Stencils #8 &#8211; 19.0 x 18.0 cm<\/p>\n","protected":false},"featured_media":33088,"template":"","meta":{"_acf_changed":false},"product_brand":[],"product_cat":[379,105,252],"product_tag":[],"class_list":{"0":"post-33100","1":"product","2":"type-product","3":"status-publish","4":"has-post-thumbnail","6":"product_cat-stencil-lavinia","7":"product_cat-masques-scrapbooking","8":"product_cat-herazz-nouveautes","9":"pa_brand_nc-lavinia","11":"first","12":"instock","13":"taxable","14":"shipping-taxable","15":"purchasable","16":"product-type-simple"},"acf":[],"aioseo_notices":[],"_links":{"self":[{"href":"https:\/\/www.galerie-scrapbooking.com\/en\/wp-json\/wp\/v2\/product\/33100","targetHints":{"allow":["GET"]}}],"collection":[{"href":"https:\/\/www.galerie-scrapbooking.com\/en\/wp-json\/wp\/v2\/product"}],"about":[{"href":"https:\/\/www.galerie-scrapbooking.com\/en\/wp-json\/wp\/v2\/types\/product"}],"wp:featuredmedia":[{"embeddable":true,"href":"https:\/\/www.galerie-scrapbooking.com\/en\/wp-json\/wp\/v2\/media\/33088"}],"wp:attachment":[{"href":"https:\/\/www.galerie-scrapbooking.com\/en\/wp-json\/wp\/v2\/media?parent=33100"}],"wp:term":[{"taxonomy":"product_brand","embeddable":true,"href":"https:\/\/www.galerie-scrapbooking.com\/en\/wp-json\/wp\/v2\/product_brand?post=33100"},{"taxonomy":"product_cat","embeddable":true,"href":"https:\/\/www.galerie-scrapbooking.com\/en\/wp-json\/wp\/v2\/product_cat?post=33100"},{"taxonomy":"product_tag","embeddable":true,"href":"https:\/\/www.galerie-scrapbooking.com\/en\/wp-json\/wp\/v2\/product_tag?post=33100"}],"curies":[{"name":"wp","href":"https:\/\/api.w.org\/{rel}","templated":true}]}}