{"id":33099,"date":"2024-08-15T11:04:02","date_gmt":"2024-08-15T15:04:02","guid":{"rendered":"https:\/\/www.galerie-scrapbooking.com\/?post_type=product&#038;p=33099"},"modified":"2026-04-21T09:26:40","modified_gmt":"2026-04-21T13:26:40","slug":"lavinia-etampe-bouchon-de-liege-grand","status":"publish","type":"product","link":"https:\/\/www.galerie-scrapbooking.com\/en\/produit\/lavinia-etampe-bouchon-de-liege-grand\/","title":{"rendered":"Lavinia \u00c9tampe Bouchon de Li\u00e8ge grand"},"content":{"rendered":"<p>Cette \u00e9tampe de grand\u00a0 bouchon en li\u00e8ge est con\u00e7ue pour s&#8217;adapter parfaitement aux bouteilles des ensembles de stencils autocollants 8 et 9.<\/p>\n<p>Combinez cette \u00e9tampe avec les stencils autocollants assortis pour cr\u00e9er votre propre monde \u00e0 l&#8217;int\u00e9rieur d&#8217;une bouteille !<\/p>\n<p>Dimension approximative:<\/p>\n<p>6.5 x 2.0 cm<\/p>\n","protected":false},"excerpt":{"rendered":"<p>Lavinia Stamp &#8211; Large Cork Stamp<\/p>\n","protected":false},"featured_media":33084,"template":"","meta":{"_acf_changed":false},"product_brand":[],"product_cat":[342,252,2226],"product_tag":[],"class_list":{"0":"post-33099","1":"product","2":"type-product","3":"status-publish","4":"has-post-thumbnail","6":"product_cat-etampes-lavinia","7":"product_cat-herazz-nouveautes","8":"product_cat-objets","9":"pa_brand_nc-lavinia","11":"first","12":"outofstock","13":"taxable","14":"shipping-taxable","15":"purchasable","16":"product-type-simple"},"acf":[],"aioseo_notices":[],"_links":{"self":[{"href":"https:\/\/www.galerie-scrapbooking.com\/en\/wp-json\/wp\/v2\/product\/33099","targetHints":{"allow":["GET"]}}],"collection":[{"href":"https:\/\/www.galerie-scrapbooking.com\/en\/wp-json\/wp\/v2\/product"}],"about":[{"href":"https:\/\/www.galerie-scrapbooking.com\/en\/wp-json\/wp\/v2\/types\/product"}],"wp:featuredmedia":[{"embeddable":true,"href":"https:\/\/www.galerie-scrapbooking.com\/en\/wp-json\/wp\/v2\/media\/33084"}],"wp:attachment":[{"href":"https:\/\/www.galerie-scrapbooking.com\/en\/wp-json\/wp\/v2\/media?parent=33099"}],"wp:term":[{"taxonomy":"product_brand","embeddable":true,"href":"https:\/\/www.galerie-scrapbooking.com\/en\/wp-json\/wp\/v2\/product_brand?post=33099"},{"taxonomy":"product_cat","embeddable":true,"href":"https:\/\/www.galerie-scrapbooking.com\/en\/wp-json\/wp\/v2\/product_cat?post=33099"},{"taxonomy":"product_tag","embeddable":true,"href":"https:\/\/www.galerie-scrapbooking.com\/en\/wp-json\/wp\/v2\/product_tag?post=33099"}],"curies":[{"name":"wp","href":"https:\/\/api.w.org\/{rel}","templated":true}]}}