{"id":33011,"date":"2024-08-15T11:04:02","date_gmt":"2024-08-15T15:04:02","guid":{"rendered":"https:\/\/www.galerie-scrapbooking.com\/?post_type=product&#038;p=33011"},"modified":"2024-09-10T08:27:24","modified_gmt":"2024-09-10T12:27:24","slug":"tim-holtz-glass-media-mat-de-voyage","status":"publish","type":"product","link":"https:\/\/www.galerie-scrapbooking.com\/en\/produit\/tim-holtz-glass-media-mat-de-voyage\/","title":{"rendered":"Tim Holtz Glass Media Mat de Voyage"},"content":{"rendered":"<p>De Tim Holtz, Glass Media Mat de Voyage de 10.25&#8243;X15.5&#8243;.<\/p>\n<p>Qu&#8217;il s&#8217;agisse de d\u00e9placements ou d&#8217;optimisation de votre espace de travail, le tapis multim\u00e9dia de voyage Tim Holtz est l&#8217;outil multifonctionnel id\u00e9al pour commencer votre voyage cr\u00e9atif.<\/p>\n<p>Ce paquet contient un tapis de voyage en verre de 15,75 x 10,25 pouces avec une grille de mesure imp\u00e9riale et m\u00e9trique de 8 x 8 pouces, une zone de palette de m\u00e9lange de 5,5 x 7,5 pouces, un tapis antiadh\u00e9sif amovible et un \u00e9tui de transport de protection.<\/p>\n<p>Ne pas laisser tomber ou frapper directement sur cette surface de verre.<\/p>\n<p>Voici une vid\u00e9o de d\u00e9monstration:<\/p>\n<p><iframe loading=\"lazy\" title=\"YouTube video player\" src=\"https:\/\/www.youtube.com\/embed\/Os8Tt62VbdA?si=EAiUyvx-y4L26z-l\" width=\"560\" height=\"315\" frameborder=\"0\" allowfullscreen=\"allowfullscreen\"><\/iframe><\/p>\n","protected":false},"excerpt":{"rendered":"<p>Tim Holtz Travel Glass Media Mat &#8211; 10.25&#8243;X15.5&#8243;<\/p>\n","protected":false},"featured_media":33012,"template":"","meta":{"_acf_changed":false},"product_brand":[],"product_cat":[131,386],"product_tag":[],"class_list":{"0":"post-33011","1":"product","2":"type-product","3":"status-publish","4":"has-post-thumbnail","6":"product_cat-outils-de-coupe-scrapbooking","7":"product_cat-tim-holtz-ranger","8":"pa_brand_nc-tim-holtz","10":"first","11":"instock","12":"taxable","13":"shipping-taxable","14":"purchasable","15":"product-type-simple"},"acf":[],"aioseo_notices":[],"_links":{"self":[{"href":"https:\/\/www.galerie-scrapbooking.com\/en\/wp-json\/wp\/v2\/product\/33011","targetHints":{"allow":["GET"]}}],"collection":[{"href":"https:\/\/www.galerie-scrapbooking.com\/en\/wp-json\/wp\/v2\/product"}],"about":[{"href":"https:\/\/www.galerie-scrapbooking.com\/en\/wp-json\/wp\/v2\/types\/product"}],"wp:featuredmedia":[{"embeddable":true,"href":"https:\/\/www.galerie-scrapbooking.com\/en\/wp-json\/wp\/v2\/media\/33012"}],"wp:attachment":[{"href":"https:\/\/www.galerie-scrapbooking.com\/en\/wp-json\/wp\/v2\/media?parent=33011"}],"wp:term":[{"taxonomy":"product_brand","embeddable":true,"href":"https:\/\/www.galerie-scrapbooking.com\/en\/wp-json\/wp\/v2\/product_brand?post=33011"},{"taxonomy":"product_cat","embeddable":true,"href":"https:\/\/www.galerie-scrapbooking.com\/en\/wp-json\/wp\/v2\/product_cat?post=33011"},{"taxonomy":"product_tag","embeddable":true,"href":"https:\/\/www.galerie-scrapbooking.com\/en\/wp-json\/wp\/v2\/product_tag?post=33011"}],"curies":[{"name":"wp","href":"https:\/\/api.w.org\/{rel}","templated":true}]}}