{"id":32989,"date":"2024-08-15T11:04:03","date_gmt":"2024-08-15T15:04:03","guid":{"rendered":"https:\/\/www.galerie-scrapbooking.com\/?post_type=product&#038;p=32989"},"modified":"2024-10-23T14:07:20","modified_gmt":"2024-10-23T18:07:20","slug":"etampe-santoro-sundae","status":"publish","type":"product","link":"https:\/\/www.galerie-scrapbooking.com\/en\/produit\/etampe-santoro-sundae\/","title":{"rendered":"\u00c9tampe Santoro Sundae"},"content":{"rendered":"<p>C&#8217;est une \u00e9tampe polyvalente pour une vari\u00e9t\u00e9 d&#8217;occasions.<\/p>\n<p>Cette \u00e9tampe peut \u00eatre utilis\u00e9e avec vos encres, marqueurs, poudres \u00e0 gaufrer, aquarelles, crayons de couleur et autres supports d&#8217;artisanat pr\u00e9f\u00e9r\u00e9s.<\/p>\n<p>Dimensions approximatives de l&#8217;emballage:<\/p>\n<p>3.0 x 5.0 pouces<\/p>\n","protected":false},"excerpt":{"rendered":"<p>Studio Light Gorjuss Stamps &#8211; Sundae<\/p>\n","protected":false},"featured_media":32983,"template":"","meta":{"_acf_changed":false},"product_brand":[],"product_cat":[252,260],"product_tag":[],"class_list":{"0":"post-32989","1":"product","2":"type-product","3":"status-publish","4":"has-post-thumbnail","6":"product_cat-herazz-nouveautes","7":"product_cat-santoro","8":"pa_brand_nc-santoro","10":"first","11":"instock","12":"taxable","13":"shipping-taxable","14":"purchasable","15":"product-type-simple"},"acf":[],"aioseo_notices":[],"_links":{"self":[{"href":"https:\/\/www.galerie-scrapbooking.com\/en\/wp-json\/wp\/v2\/product\/32989","targetHints":{"allow":["GET"]}}],"collection":[{"href":"https:\/\/www.galerie-scrapbooking.com\/en\/wp-json\/wp\/v2\/product"}],"about":[{"href":"https:\/\/www.galerie-scrapbooking.com\/en\/wp-json\/wp\/v2\/types\/product"}],"wp:featuredmedia":[{"embeddable":true,"href":"https:\/\/www.galerie-scrapbooking.com\/en\/wp-json\/wp\/v2\/media\/32983"}],"wp:attachment":[{"href":"https:\/\/www.galerie-scrapbooking.com\/en\/wp-json\/wp\/v2\/media?parent=32989"}],"wp:term":[{"taxonomy":"product_brand","embeddable":true,"href":"https:\/\/www.galerie-scrapbooking.com\/en\/wp-json\/wp\/v2\/product_brand?post=32989"},{"taxonomy":"product_cat","embeddable":true,"href":"https:\/\/www.galerie-scrapbooking.com\/en\/wp-json\/wp\/v2\/product_cat?post=32989"},{"taxonomy":"product_tag","embeddable":true,"href":"https:\/\/www.galerie-scrapbooking.com\/en\/wp-json\/wp\/v2\/product_tag?post=32989"}],"curies":[{"name":"wp","href":"https:\/\/api.w.org\/{rel}","templated":true}]}}