{"id":32972,"date":"2024-08-15T11:04:03","date_gmt":"2024-08-15T15:04:03","guid":{"rendered":"https:\/\/www.galerie-scrapbooking.com\/?post_type=product&#038;p=32972"},"modified":"2025-11-30T14:25:48","modified_gmt":"2025-11-30T19:25:48","slug":"graphic-45-pad-12-x-12-joyeux-lumineux","status":"publish","type":"product","link":"https:\/\/www.galerie-scrapbooking.com\/en\/produit\/graphic-45-pad-12-x-12-joyeux-lumineux\/","title":{"rendered":"Graphic 45 Pad 12&#8243; X 12&#8243; Joyeux &#038; Lumineux"},"content":{"rendered":"<p>C\u00e9l\u00e9brez la joie de la p\u00e9riode des f\u00eates avec la collection de papier Joyeux et Lumineux de Graphic 45.<\/p>\n<p>Cet assortiment festif \u00e9blouit avec une palette de couleurs vibrantes de feuilles persistantes, de rouge canneberge, d&#8217;or m\u00e9tallique et d&#8217;argent \u00e9tincelant. Les images sont une charmante vitrine d\u2019arbres de No\u00ebl d\u00e9cor\u00e9s, d\u2019ornements festifs, de pommes de pin enneig\u00e9es et du poinsettia classique.<\/p>\n<p>Parfait pour tous vos besoins cr\u00e9atifs des f\u00eates, cet ensemble donne vie \u00e0 la magie et \u00e0 l&#8217;\u00e9clat de No\u00ebl, ajoutant une touche d&#8217;\u00e9l\u00e9gance et de gaiet\u00e9 \u00e0 vos projets cr\u00e9atifs.<\/p>\n<p>Ce paquet contient un ensemble de collection.<\/p>\n","protected":false},"excerpt":{"rendered":"<p>Graphic 45 Collection Pack 12&#8243;X12&#8243; &#8211; Merry &amp; Bright<\/p>\n","protected":false},"featured_media":32975,"template":"","meta":{"_acf_changed":false},"product_brand":[],"product_cat":[141,138,252],"product_tag":[],"class_list":{"0":"post-32972","1":"product","2":"type-product","3":"status-publish","4":"has-post-thumbnail","6":"product_cat-ensemble-papier-scrapbooking","7":"product_cat-papier-graphic45","8":"product_cat-herazz-nouveautes","9":"pa_brand_nc-graphic-45","11":"first","12":"instock","13":"taxable","14":"shipping-taxable","15":"purchasable","16":"product-type-simple"},"acf":[],"aioseo_notices":[],"_links":{"self":[{"href":"https:\/\/www.galerie-scrapbooking.com\/en\/wp-json\/wp\/v2\/product\/32972","targetHints":{"allow":["GET"]}}],"collection":[{"href":"https:\/\/www.galerie-scrapbooking.com\/en\/wp-json\/wp\/v2\/product"}],"about":[{"href":"https:\/\/www.galerie-scrapbooking.com\/en\/wp-json\/wp\/v2\/types\/product"}],"wp:featuredmedia":[{"embeddable":true,"href":"https:\/\/www.galerie-scrapbooking.com\/en\/wp-json\/wp\/v2\/media\/32975"}],"wp:attachment":[{"href":"https:\/\/www.galerie-scrapbooking.com\/en\/wp-json\/wp\/v2\/media?parent=32972"}],"wp:term":[{"taxonomy":"product_brand","embeddable":true,"href":"https:\/\/www.galerie-scrapbooking.com\/en\/wp-json\/wp\/v2\/product_brand?post=32972"},{"taxonomy":"product_cat","embeddable":true,"href":"https:\/\/www.galerie-scrapbooking.com\/en\/wp-json\/wp\/v2\/product_cat?post=32972"},{"taxonomy":"product_tag","embeddable":true,"href":"https:\/\/www.galerie-scrapbooking.com\/en\/wp-json\/wp\/v2\/product_tag?post=32972"}],"curies":[{"name":"wp","href":"https:\/\/api.w.org\/{rel}","templated":true}]}}