{"id":32969,"date":"2024-08-15T11:04:03","date_gmt":"2024-08-15T15:04:03","guid":{"rendered":"https:\/\/www.galerie-scrapbooking.com\/?post_type=product&#038;p=32969"},"modified":"2025-03-04T13:18:08","modified_gmt":"2025-03-04T18:18:08","slug":"aall-and-create-etampe-sac-de-joie-pour-noel","status":"publish","type":"product","link":"https:\/\/www.galerie-scrapbooking.com\/en\/produit\/aall-and-create-etampe-sac-de-joie-pour-noel\/","title":{"rendered":"Aall and Create \u00c9tampe Sac de Joie pour No\u00ebl"},"content":{"rendered":"<p>Cette \u00e9tampe peut \u00eatre utilis\u00e9e avec vos encres, marqueurs, poudres d.embossage, aquarelles, crayons de couleur et autres .<\/p>\n<p>Cette \u00e9tampe est parfaite pour les cartes, les cartes fines, les pages de scrapbooking et autres projets de cr\u00e9ation en papier et de techniques mixtes.<\/p>\n<p>Ce paquet contient des \u00e9tampes transparentes en photopolym\u00e8re profond\u00e9ment grav\u00e9es de qualit\u00e9 qui adh\u00e8rent \u00e0 n&#8217;importe quel bloc acrylique transparent.<\/p>\n<p>La taille globale de la feuille d&#8217;\u00e9tampe est de 2,87 x 4,03 pouces et comprend 2 \u00e9tampes.<\/p>\n","protected":false},"excerpt":{"rendered":"<p>AALL and Create &#8211; Stamp Set &#8211; Sack of Joy<\/p>\n","protected":false},"featured_media":32970,"template":"","meta":{"_acf_changed":false},"product_brand":[],"product_cat":[2118,252],"product_tag":[],"class_list":{"0":"post-32969","1":"product","2":"type-product","3":"status-publish","4":"has-post-thumbnail","6":"product_cat-etampe-scrapbooking-aall-and-create","7":"product_cat-herazz-nouveautes","8":"pa_brand_nc-aall-and-create","10":"first","11":"instock","12":"taxable","13":"shipping-taxable","14":"purchasable","15":"product-type-simple"},"acf":[],"aioseo_notices":[],"_links":{"self":[{"href":"https:\/\/www.galerie-scrapbooking.com\/en\/wp-json\/wp\/v2\/product\/32969","targetHints":{"allow":["GET"]}}],"collection":[{"href":"https:\/\/www.galerie-scrapbooking.com\/en\/wp-json\/wp\/v2\/product"}],"about":[{"href":"https:\/\/www.galerie-scrapbooking.com\/en\/wp-json\/wp\/v2\/types\/product"}],"wp:featuredmedia":[{"embeddable":true,"href":"https:\/\/www.galerie-scrapbooking.com\/en\/wp-json\/wp\/v2\/media\/32970"}],"wp:attachment":[{"href":"https:\/\/www.galerie-scrapbooking.com\/en\/wp-json\/wp\/v2\/media?parent=32969"}],"wp:term":[{"taxonomy":"product_brand","embeddable":true,"href":"https:\/\/www.galerie-scrapbooking.com\/en\/wp-json\/wp\/v2\/product_brand?post=32969"},{"taxonomy":"product_cat","embeddable":true,"href":"https:\/\/www.galerie-scrapbooking.com\/en\/wp-json\/wp\/v2\/product_cat?post=32969"},{"taxonomy":"product_tag","embeddable":true,"href":"https:\/\/www.galerie-scrapbooking.com\/en\/wp-json\/wp\/v2\/product_tag?post=32969"}],"curies":[{"name":"wp","href":"https:\/\/api.w.org\/{rel}","templated":true}]}}