{"id":32944,"date":"2024-08-15T11:04:40","date_gmt":"2024-08-15T15:04:40","guid":{"rendered":"https:\/\/www.galerie-scrapbooking.com\/?post_type=product&#038;p=32944"},"modified":"2026-04-02T10:45:51","modified_gmt":"2026-04-02T14:45:51","slug":"stamperia-ensemble-8-x-8-casse-noisette","status":"publish","type":"product","link":"https:\/\/www.galerie-scrapbooking.com\/en\/produit\/stamperia-ensemble-8-x-8-casse-noisette\/","title":{"rendered":"Stamperia Ensemble 8&#8243; x 8&#8243; Casse-Noisette"},"content":{"rendered":"<p>Commencez votre projet du bon pied avec le papier parfait pour les pages de scrapbooking, les cartes de souhaits, les signets, les cartes-cadeaux, les supports mixtes et bien plus encore !<\/p>\n<p>Les ensembles de papiers vous offrent la possibilit\u00e9 de planifier facilement des pages de scrapbook car tous les papiers se coordonnent les uns avec les autres.<\/p>\n<p>Ce paquet contient 10 feuilles recto-verso de 8 x 8 pouces avec un motif diff\u00e9rent de chaque c\u00f4t\u00e9.<\/p>\n","protected":false},"excerpt":{"rendered":"<p>Stamperia Double-Sided Paper Pad 8&#8243;X8&#8243; 10\/Pkg &#8211; Nutcracker<\/p>\n","protected":false},"featured_media":32949,"template":"","meta":{"_acf_changed":false},"product_brand":[],"product_cat":[410,252,345],"product_tag":[],"class_list":{"0":"post-32944","1":"product","2":"type-product","3":"status-publish","4":"has-post-thumbnail","6":"product_cat-papiers-scrapbooking-8x8","7":"product_cat-herazz-nouveautes","8":"product_cat-papiers-stamperia","9":"pa_brand_nc-stamperia","11":"first","12":"instock","13":"taxable","14":"shipping-taxable","15":"purchasable","16":"product-type-simple"},"acf":[],"aioseo_notices":[],"_links":{"self":[{"href":"https:\/\/www.galerie-scrapbooking.com\/en\/wp-json\/wp\/v2\/product\/32944","targetHints":{"allow":["GET"]}}],"collection":[{"href":"https:\/\/www.galerie-scrapbooking.com\/en\/wp-json\/wp\/v2\/product"}],"about":[{"href":"https:\/\/www.galerie-scrapbooking.com\/en\/wp-json\/wp\/v2\/types\/product"}],"wp:featuredmedia":[{"embeddable":true,"href":"https:\/\/www.galerie-scrapbooking.com\/en\/wp-json\/wp\/v2\/media\/32949"}],"wp:attachment":[{"href":"https:\/\/www.galerie-scrapbooking.com\/en\/wp-json\/wp\/v2\/media?parent=32944"}],"wp:term":[{"taxonomy":"product_brand","embeddable":true,"href":"https:\/\/www.galerie-scrapbooking.com\/en\/wp-json\/wp\/v2\/product_brand?post=32944"},{"taxonomy":"product_cat","embeddable":true,"href":"https:\/\/www.galerie-scrapbooking.com\/en\/wp-json\/wp\/v2\/product_cat?post=32944"},{"taxonomy":"product_tag","embeddable":true,"href":"https:\/\/www.galerie-scrapbooking.com\/en\/wp-json\/wp\/v2\/product_tag?post=32944"}],"curies":[{"name":"wp","href":"https:\/\/api.w.org\/{rel}","templated":true}]}}