{"id":32826,"date":"2024-07-18T10:57:17","date_gmt":"2024-07-18T14:57:17","guid":{"rendered":"https:\/\/www.galerie-scrapbooking.com\/?post_type=product&#038;p=32826"},"modified":"2024-08-29T12:59:52","modified_gmt":"2024-08-29T16:59:52","slug":"creative-expressions-stencil-jardin-de-roses-6x8","status":"publish","type":"product","link":"https:\/\/www.galerie-scrapbooking.com\/en\/produit\/creative-expressions-stencil-jardin-de-roses-6x8\/","title":{"rendered":"Creative Expressions Stencil Jardin de Roses 6&#8243;x8&#8243;"},"content":{"rendered":"<p>Am\u00e9liorez votre dossier de gaufrage 3D Rose Garden avec des couleurs vives \u00e0 l&#8217;aide de cet ensemble de pochoirs de coloriage pratique. Gaufrez simplement votre motif puis alignez les pochoirs sur l&#8217;image en relief et coloriez avec vos m\u00e9diums de coloration pr\u00e9f\u00e9r\u00e9s !<\/p>\n<p>Que vous pr\u00e9f\u00e9riez les encres, peintures, brumisateurs, p\u00e2tes ou plus, ce pochoir est parfait pour vos besoins cr\u00e9atifs. Il est id\u00e9al pour divers projets de cr\u00e9ation en papier, notamment la fabrication de cartes, le scrapbooking, etc.<\/p>\n<p>Fabriqu\u00e9 \u00e0 partir de mylar durable de 350 microns, ce pochoir est con\u00e7u pour durer. Il est r\u00e9sistant aux solvants et facile \u00e0 nettoyer, garantissant sa long\u00e9vit\u00e9 et sa facilit\u00e9 d&#8217;utilisation.<\/p>\n<p>2 pochoirs. Taille 6 po x 8 po (15,2 cm x 20,3 cm).<\/p>\n<p>&nbsp;<\/p>\n<p>&nbsp;<\/p>\n","protected":false},"excerpt":{"rendered":"<p>Creative Expressions 6&#8243;X8&#8243; &#8211; Rose garden<\/p>\n","protected":false},"featured_media":32827,"template":"","meta":{"_acf_changed":false},"product_brand":[],"product_cat":[246,105,252],"product_tag":[],"class_list":{"0":"post-32826","1":"product","2":"type-product","3":"status-publish","4":"has-post-thumbnail","6":"product_cat-masques-scrapbooking-autres","7":"product_cat-masques-scrapbooking","8":"product_cat-herazz-nouveautes","9":"pa_brand_nc-creative-expressions","11":"first","12":"instock","13":"taxable","14":"shipping-taxable","15":"purchasable","16":"product-type-simple"},"acf":[],"aioseo_notices":[],"_links":{"self":[{"href":"https:\/\/www.galerie-scrapbooking.com\/en\/wp-json\/wp\/v2\/product\/32826","targetHints":{"allow":["GET"]}}],"collection":[{"href":"https:\/\/www.galerie-scrapbooking.com\/en\/wp-json\/wp\/v2\/product"}],"about":[{"href":"https:\/\/www.galerie-scrapbooking.com\/en\/wp-json\/wp\/v2\/types\/product"}],"wp:featuredmedia":[{"embeddable":true,"href":"https:\/\/www.galerie-scrapbooking.com\/en\/wp-json\/wp\/v2\/media\/32827"}],"wp:attachment":[{"href":"https:\/\/www.galerie-scrapbooking.com\/en\/wp-json\/wp\/v2\/media?parent=32826"}],"wp:term":[{"taxonomy":"product_brand","embeddable":true,"href":"https:\/\/www.galerie-scrapbooking.com\/en\/wp-json\/wp\/v2\/product_brand?post=32826"},{"taxonomy":"product_cat","embeddable":true,"href":"https:\/\/www.galerie-scrapbooking.com\/en\/wp-json\/wp\/v2\/product_cat?post=32826"},{"taxonomy":"product_tag","embeddable":true,"href":"https:\/\/www.galerie-scrapbooking.com\/en\/wp-json\/wp\/v2\/product_tag?post=32826"}],"curies":[{"name":"wp","href":"https:\/\/api.w.org\/{rel}","templated":true}]}}